{"id":19725,"date":"2022-01-06T10:12:45","date_gmt":"2022-01-06T09:12:45","guid":{"rendered":"https:\/\/www.johnv-detectives.nl\/uber-uns\/"},"modified":"2022-01-06T10:12:46","modified_gmt":"2022-01-06T09:12:46","slug":"uber-uns","status":"publish","type":"page","link":"https:\/\/www.johnv-detectives.nl\/de\/uber-uns\/","title":{"rendered":"Uber uns"},"content":{"rendered":"<div class=\"wpb-content-wrapper\"><p>[vc_row full_width=&#8220;stretch_row&#8220; bg_type=&#8220;image&#8220; parallax_style=&#8220;vcpb-default&#8220; bg_image_new=&#8220;id^16096|url^https:\/\/www.johnv-detectives.nl\/wp-content\/uploads\/2021\/11\/John_Vullers-9084512.jpg|caption^null|alt^null|title^John_Vullers-9084512|description^null&#8220; enable_overlay=&#8220;enable_overlay_value&#8220; overlay_color=&#8220;rgba(0,0,0,0.48)&#8220; el_class=&#8220;hero-home&#8220;][vc_column][vc_empty_space height=&#8220;6vh&#8220;]<div id=\"ultimate-heading-166069f343ef001cd\" class=\"uvc-heading ult-adjust-bottom-margin ultimate-heading-166069f343ef001cd uvc-9953  uvc-heading-default-font-sizes\" data-hspacer=\"no_spacer\"  data-halign=\"center\" style=\"text-align:center\"><div class=\"uvc-heading-spacer no_spacer\" style=\"top\"><\/div><div class=\"uvc-main-heading ult-responsive\"  data-ultimate-target='.uvc-heading.ultimate-heading-166069f343ef001cd h1'  data-responsive-json-new='{\"font-size\":\"\",\"line-height\":\"\"}' ><h1 style=\"--font-weight:theme;color:#ffffff;\">\u00dcber Johnv-Detectives<\/h1><\/div><div class=\"uvc-sub-heading ult-responsive\"  data-ultimate-target='.uvc-heading.ultimate-heading-166069f343ef001cd .uvc-sub-heading '  data-responsive-json-new='{\"font-size\":\"\",\"line-height\":\"\"}'  style=\"font-weight:normal;color:#ffffff;\">PROFESSIONELL | VERTRAUENSW\u00dcRDIG<\/div><\/div>[vc_empty_space height=&#8220;6vh&#8220;][vc_row_inner css=&#8220;.vc_custom_1639558792321{padding-top: 25px !important;padding-bottom: 25px !important;background-color: #4f5664 !important;}&#8220; el_class=&#8220;hero-home-ctabox&#8220;][vc_column_inner]<div id=\"ultimate-heading-970769f343ef00234\" class=\"uvc-heading ult-adjust-bottom-margin ultimate-heading-970769f343ef00234 uvc-4325  uvc-heading-default-font-sizes\" data-hspacer=\"no_spacer\"  data-halign=\"left\" style=\"text-align:left\"><div class=\"uvc-heading-spacer no_spacer\" style=\"top\"><\/div><div class=\"uvc-main-heading ult-responsive\"  data-ultimate-target='.uvc-heading.ultimate-heading-970769f343ef00234 h2'  data-responsive-json-new='{\"font-size\":\"\",\"line-height\":\"\"}' ><h2 style=\"--font-weight:theme;color:#ffffff;margin-bottom:10px;\">Willkommen<\/h2><\/div><div class=\"uvc-sub-heading ult-responsive\"  data-ultimate-target='.uvc-heading.ultimate-heading-970769f343ef00234 .uvc-sub-heading '  data-responsive-json-new='{\"font-size\":\"\",\"line-height\":\"\"}'  style=\"font-weight:normal;color:#ffffff;\">Ich war gut 32 Jahre lang bei der niederl\u00e4ndischen Polizei t\u00e4tig. Nach jahrelanger Arbeit im allgemeinen Polizeidienst bin ich zur Fahndungsabteilung gewechselt. Als Fahnder war ich viele Jahre in verschiedenen Fahndungsbereichen t\u00e4tig und habe schlie\u00dflich eine operative F\u00fchrungsposition in der Fahndungsabteilung \u00fcbernommen. In dieser Position habe ich diverse gro\u00dfe (inter)nationale Fahndungsma\u00dfnahmen im Bereich des organisierten Verbrechens wie Drogenkriminalit\u00e4t, Mord, Totschlag und Erpressung geleitet. Au\u00dferdem war ich in den letzten zehn Jahren als stellvertretender Staatsanwalt t\u00e4tig. Zuletzt habe ich die Position eines taktischen Leiters in der Fahndungsabteilung bekleidet.<\/div><\/div>[\/vc_column_inner][\/vc_row_inner][\/vc_column][\/vc_row][vc_row full_width=&#8220;stretch_row&#8220; equal_height=&#8220;yes&#8220; content_placement=&#8220;middle&#8220; css=&#8220;.vc_custom_1639064688180{padding-top: 50px !important;padding-bottom: 50px !important;background-color: #a7aab1 !important;}&#8220; el_class=&#8220;reverse-row-on-mobile&#8220;][vc_column width=&#8220;1\/3&#8243; css=&#8220;.vc_custom_1637072717426{background-image: url(https:\/\/www.johnv-detectives.nl\/wp-content\/uploads\/2021\/11\/foto_john_vullers3.jpg?id=16098) !important;background-position: center !important;background-repeat: no-repeat !important;background-size: cover !important;}&#8220;][vc_empty_space height=&#8220;400&#8243;][\/vc_column][vc_column width=&#8220;2\/3&#8243; css=&#8220;.vc_custom_1639558799473{padding-top: 25px !important;padding-bottom: 25px !important;background-color: #f7f7f7 !important;}&#8220;]<div id=\"ultimate-heading-517369f343ef0027a\" class=\"uvc-heading ult-adjust-bottom-margin ultimate-heading-517369f343ef0027a uvc-1139  uvc-heading-default-font-sizes\" data-hspacer=\"no_spacer\"  data-halign=\"left\" style=\"text-align:left\"><div class=\"uvc-heading-spacer no_spacer\" style=\"top\"><\/div><div class=\"uvc-main-heading ult-responsive\"  data-ultimate-target='.uvc-heading.ultimate-heading-517369f343ef0027a h2'  data-responsive-json-new='{\"font-size\":\"\",\"line-height\":\"\"}' ><h2 style=\"--font-weight:theme;margin-bottom:10px;\">Freie Wirtschaft<\/h2><\/div><\/div>[vc_column_text css=&#8220;.vc_custom_1640167688838{padding-bottom: 10px !important;}&#8220;]Schlie\u00dflich bin ich in die freie Wirtschaft gewechselt. Da ich in einer Unternehmerfamilie aufgewachsen bin, war dieser Schritt nur logisch. 2014 wurde ich Gesch\u00e4ftspartner des bekanntesten Detektivs der Niederlande, Ben Zuidema. Als 2018 klar wurde, dass wir unterschiedliche Ziele verfolgten, entschied ich mich dazu, eine eigene Detektei zu gr\u00fcnden. Und so entstand die Detektei Vullers bzw. JohnV-detectives. Nun habe ich mehr Freiraum, um einen eigenen Kurs zu setzen, der sowohl im Hinblick auf die allgemeine Strategie als auch auf die Auswahl der Kunden besser an meine Vorstellungen ankn\u00fcpft. Mein neues Konzept in Kombination mit meiner umfangreichen Erfahrung (mit der Polizeiarbeit) ist auch bei Fernseh- und Radiosendern in den Niederlanden nicht unbemerkt geblieben. Daher bin ich nicht nur gern gesehener Gast in Fernseh- und Radiosendungen, sondern unterst\u00fctze im Hintergrund mit meinem Team Redaktionen von Fernsehsendungen bei (Vorab-)Untersuchungen.[\/vc_column_text]<style type=\"text\/css\">#dt-btn-1 {color: #000000;}#dt-btn-1 > .text-wrap * {color: #000000;}<\/style><a href=\"\/de\/nachrichten\" class=\"btn-shortcode dt-btn-m dt-btn custom-btn-color default-btn-hover-color default-btn-bg-color default-btn-bg-hover-color\" id=\"dt-btn-1\"><span>Nachrichten<\/span><\/a>[\/vc_column][\/vc_row][vc_row full_width=&#8220;stretch_row&#8220; equal_height=&#8220;yes&#8220; content_placement=&#8220;middle&#8220; css=&#8220;.vc_custom_1637674790133{padding-bottom: 50px !important;background-color: #a7aab1 !important;}&#8220;][vc_column width=&#8220;2\/3&#8243; css=&#8220;.vc_custom_1639558806859{padding-top: 25px !important;padding-bottom: 25px !important;background-color: #4f5664 !important;}&#8220;]<div id=\"ultimate-heading-917969f343ef00324\" class=\"uvc-heading ult-adjust-bottom-margin ultimate-heading-917969f343ef00324 uvc-4304  uvc-heading-default-font-sizes\" data-hspacer=\"no_spacer\"  data-halign=\"left\" style=\"text-align:left\"><div class=\"uvc-heading-spacer no_spacer\" style=\"top\"><\/div><div class=\"uvc-main-heading ult-responsive\"  data-ultimate-target='.uvc-heading.ultimate-heading-917969f343ef00324 h2'  data-responsive-json-new='{\"font-size\":\"\",\"line-height\":\"\"}' ><h2 style=\"--font-weight:theme;color:#ffffff;margin-bottom:10px;\">Engagement und Leidenschaft<\/h2><\/div><\/div>[vc_column_text]<br \/>\n<span style=\"color: #ffffff;\">Dank meiner jahrelangen beruflichen Erfahrung im Verlauf meiner T\u00e4tigkeit bei der Polizei sowie der Erfahrungen, die ich als selbst\u00e4ndiger Unternehmer und mittlerweile als bekannter Privatdetektiv sammeln konnte, haben sich f\u00fcr mich alle Puzzlest\u00fccke zu einem Gesamtbild zusammengef\u00fcgt. All diese Erfahrungen bilden gemeinsam eine optimale Grundlage, die es mir erm\u00f6glicht, meinen Kunden ein umfassendes Paket an Dienst- und Beratungsleistungen pr\u00e4sentieren zu k\u00f6nnen. Mein berufliches Engagement verdankt sich der Leidenschaft, mit der ich meiner Arbeit nachgehe. Ich f\u00fchle mich als Privatdetektiv in meinem Element, da ich nun Selbst\u00e4ndigkeit und Fahndungsarbeit miteinander kombinieren kann. Gemeinsam mit meinem kompetenten Team aus Privatdetektivinnen stehe ich Ihnen jeden Tag aufs Neue zur Verf\u00fcgung. Unser Arbeitsgebiet ist auf der ganzen Welt<\/span><br \/>\n[\/vc_column_text][\/vc_column][vc_column width=&#8220;1\/3&#8243; css=&#8220;.vc_custom_1637674695525{background-image: url(https:\/\/www.johnv-detectives.nl\/wp-content\/uploads\/2021\/11\/John_Vullers-0015679.jpg?id=16102) !important;background-position: center !important;background-repeat: no-repeat !important;background-size: cover !important;}&#8220;][vc_empty_space height=&#8220;350&#8243;][\/vc_column][\/vc_row][vc_row full_width=&#8220;stretch_row&#8220; gap=&#8220;10&#8243; equal_height=&#8220;yes&#8220; content_placement=&#8220;middle&#8220; bg_type=&#8220;image&#8220; parallax_style=&#8220;vcpb-default&#8220; bg_image_new=&#8220;id^16343|url^https:\/\/www.johnv-detectives.nl\/wp-content\/uploads\/2021\/11\/wazig-john-vullers-tipinfo.jpg|caption^null|alt^null|title^wazig john vullers tipinfo|description^null&#8220; enable_overlay=&#8220;enable_overlay_value&#8220; overlay_color=&#8220;rgba(0,0,0,0.6)&#8220; css=&#8220;.vc_custom_1637591231267{padding-top: 5vh !important;padding-bottom: 5vh !important;}&#8220; el_class=&#8220;bg-half-right&#8220;][vc_column width=&#8220;2\/3&#8243; css=&#8220;.vc_custom_1637327918951{background-position: center !important;background-repeat: no-repeat !important;background-size: cover !important;}&#8220;]<div id=\"ultimate-heading-338869f343ef00365\" class=\"uvc-heading ult-adjust-bottom-margin ultimate-heading-338869f343ef00365 uvc-8970  uvc-heading-default-font-sizes\" data-hspacer=\"no_spacer\"  data-halign=\"left\" style=\"text-align:left\"><div class=\"uvc-heading-spacer no_spacer\" style=\"top\"><\/div><div class=\"uvc-main-heading ult-responsive\"  data-ultimate-target='.uvc-heading.ultimate-heading-338869f343ef00365 h2'  data-responsive-json-new='{\"font-size\":\"\",\"line-height\":\"\"}' ><h2 style=\"--font-weight:theme;color:#ffffff;margin-bottom:10px;\">Haben Sie Tipps oder Informationen?<\/h2><\/div><div class=\"uvc-sub-heading ult-responsive\"  data-ultimate-target='.uvc-heading.ultimate-heading-338869f343ef00365 .uvc-sub-heading '  data-responsive-json-new='{\"font-size\":\"\",\"line-height\":\"\"}'  style=\"font-weight:normal;color:#ffffff;\">Haben Sie eventuell Tipps oder Informationen zu einem bestimmten Fall? Dann k\u00f6nnen Sie jederzeit telefonisch oder per E-Mail Kontakt zu uns aufnehmen.<\/div><\/div>[\/vc_column][vc_column width=&#8220;1\/3&#8243;]<a href=\"\/de\/kontakt\/\" class=\"btn-shortcode dt-btn-m dt-btn default-btn-color default-btn-hover-color default-btn-bg-color default-btn-bg-hover-color\" id=\"dt-btn-2\"><span>Kontaktiere uns<\/span><\/a>[\/vc_column][\/vc_row]<\/p>\n<\/div>","protected":false},"excerpt":{"rendered":"<p>[vc_row full_width=&#8220;stretch_row&#8220; bg_type=&#8220;image&#8220; parallax_style=&#8220;vcpb-default&#8220; bg_image_new=&#8220;id^16096|url^https:\/\/www.johnv-detectives.nl\/wp-content\/uploads\/2021\/11\/John_Vullers-9084512.jpg|caption^null|alt^null|title^John_Vullers-9084512|description^null&#8220; enable_overlay=&#8220;enable_overlay_value&#8220; overlay_color=&#8220;rgba(0,0,0,0.48)&#8220; el_class=&#8220;hero-home&#8220;][vc_column][vc_empty_space height=&#8220;6vh&#8220;][vc_empty_space height=&#8220;6vh&#8220;][vc_row_inner css=&#8220;.vc_custom_1639558792321{padding-top: 25px !important;padding-bottom: 25px !important;background-color: #4f5664 !important;}&#8220; el_class=&#8220;hero-home-ctabox&#8220;][vc_column_inner][\/vc_column_inner][\/vc_row_inner][\/vc_column][\/vc_row][vc_row full_width=&#8220;stretch_row&#8220; equal_height=&#8220;yes&#8220; content_placement=&#8220;middle&#8220; css=&#8220;.vc_custom_1639064688180{padding-top: 50px !important;padding-bottom: 50px !important;background-color: #a7aab1 !important;}&#8220; el_class=&#8220;reverse-row-on-mobile&#8220;][vc_column width=&#8220;1\/3&#8243; css=&#8220;.vc_custom_1637072717426{background-image: url(https:\/\/www.johnv-detectives.nl\/wp-content\/uploads\/2021\/11\/foto_john_vullers3.jpg?id=16098) !important;background-position: center !important;background-repeat: no-repeat !important;background-size: cover !important;}&#8220;][vc_empty_space height=&#8220;400&#8243;][\/vc_column][vc_column width=&#8220;2\/3&#8243; css=&#8220;.vc_custom_1639558799473{padding-top: 25px !important;padding-bottom: 25px !important;background-color: #f7f7f7 !important;}&#8220;][vc_column_text css=&#8220;.vc_custom_1640167688838{padding-bottom: 10px !important;}&#8220;]Schlie\u00dflich bin ich in die&hellip;<\/p>\n","protected":false},"author":4,"featured_media":0,"parent":0,"menu_order":0,"comment_status":"closed","ping_status":"closed","template":"","meta":{"footnotes":""},"class_list":["post-19725","page","type-page","status-publish","hentry","description-off"],"yoast_head":"<!-- This site is optimized with the Yoast SEO plugin v24.1 - https:\/\/yoast.com\/wordpress\/plugins\/seo\/ -->\n<title>Uber uns - John Vullers prive detective<\/title>\n<meta name=\"description\" content=\"John Vullers (JohnV-detectives), voor zowel particulieren als bedrijfsgerelateerde zaken in diefstal, fraude, vermissingen en meer.\" \/>\n<meta name=\"robots\" content=\"index, follow, max-snippet:-1, max-image-preview:large, max-video-preview:-1\" \/>\n<link rel=\"canonical\" href=\"https:\/\/www.johnv-detectives.nl\/over-ons\/\" \/>\n<meta property=\"og:locale\" content=\"de_DE\" \/>\n<meta property=\"og:type\" content=\"article\" \/>\n<meta property=\"og:title\" content=\"Uber uns - John Vullers prive detective\" \/>\n<meta property=\"og:description\" content=\"John Vullers (JohnV-detectives), voor zowel particulieren als bedrijfsgerelateerde zaken in diefstal, fraude, vermissingen en meer.\" \/>\n<meta property=\"og:url\" content=\"https:\/\/www.johnv-detectives.nl\/over-ons\/\" \/>\n<meta property=\"og:site_name\" content=\"John V. Detectives\" \/>\n<meta property=\"article:modified_time\" content=\"2022-01-06T09:12:46+00:00\" \/>\n<meta name=\"twitter:card\" content=\"summary_large_image\" \/>\n<meta name=\"twitter:label1\" content=\"Gesch\u00e4tzte Lesezeit\" \/>\n\t<meta name=\"twitter:data1\" content=\"4\u00a0Minuten\" \/>\n<script type=\"application\/ld+json\" class=\"yoast-schema-graph\">{\"@context\":\"https:\/\/schema.org\",\"@graph\":[{\"@type\":\"WebPage\",\"@id\":\"https:\/\/www.johnv-detectives.nl\/over-ons\/\",\"url\":\"https:\/\/www.johnv-detectives.nl\/over-ons\/\",\"name\":\"Uber uns - John Vullers prive detective\",\"isPartOf\":{\"@id\":\"https:\/\/www.johnv-detectives.nl\/#website\"},\"datePublished\":\"2022-01-06T09:12:45+00:00\",\"dateModified\":\"2022-01-06T09:12:46+00:00\",\"description\":\"John Vullers (JohnV-detectives), voor zowel particulieren als bedrijfsgerelateerde zaken in diefstal, fraude, vermissingen en meer.\",\"breadcrumb\":{\"@id\":\"https:\/\/www.johnv-detectives.nl\/over-ons\/#breadcrumb\"},\"inLanguage\":\"de\",\"potentialAction\":[{\"@type\":\"ReadAction\",\"target\":[\"https:\/\/www.johnv-detectives.nl\/over-ons\/\"]}]},{\"@type\":\"BreadcrumbList\",\"@id\":\"https:\/\/www.johnv-detectives.nl\/over-ons\/#breadcrumb\",\"itemListElement\":[{\"@type\":\"ListItem\",\"position\":1,\"name\":\"Home\",\"item\":\"https:\/\/www.johnv-detectives.nl\/\"},{\"@type\":\"ListItem\",\"position\":2,\"name\":\"Uber uns\"}]},{\"@type\":\"WebSite\",\"@id\":\"https:\/\/www.johnv-detectives.nl\/#website\",\"url\":\"https:\/\/www.johnv-detectives.nl\/\",\"name\":\"John V. Detectives\",\"description\":\"Vakkundig en vertrouwd\",\"publisher\":{\"@id\":\"https:\/\/www.johnv-detectives.nl\/#organization\"},\"potentialAction\":[{\"@type\":\"SearchAction\",\"target\":{\"@type\":\"EntryPoint\",\"urlTemplate\":\"https:\/\/www.johnv-detectives.nl\/?s={search_term_string}\"},\"query-input\":{\"@type\":\"PropertyValueSpecification\",\"valueRequired\":true,\"valueName\":\"search_term_string\"}}],\"inLanguage\":\"de\"},{\"@type\":\"Organization\",\"@id\":\"https:\/\/www.johnv-detectives.nl\/#organization\",\"name\":\"John Vullers Detectives\",\"url\":\"https:\/\/www.johnv-detectives.nl\/\",\"logo\":{\"@type\":\"ImageObject\",\"inLanguage\":\"de\",\"@id\":\"https:\/\/www.johnv-detectives.nl\/#\/schema\/logo\/image\/\",\"url\":\"https:\/\/www.johnv-detectives.nl\/wp-content\/uploads\/2021\/11\/cropped-LOGO-John-V-Detectives-Rond-1.png\",\"contentUrl\":\"https:\/\/www.johnv-detectives.nl\/wp-content\/uploads\/2021\/11\/cropped-LOGO-John-V-Detectives-Rond-1.png\",\"width\":512,\"height\":512,\"caption\":\"John Vullers Detectives\"},\"image\":{\"@id\":\"https:\/\/www.johnv-detectives.nl\/#\/schema\/logo\/image\/\"}}]}<\/script>\n<!-- \/ Yoast SEO plugin. -->","yoast_head_json":{"title":"Uber uns - John Vullers prive detective","description":"John Vullers (JohnV-detectives), voor zowel particulieren als bedrijfsgerelateerde zaken in diefstal, fraude, vermissingen en meer.","robots":{"index":"index","follow":"follow","max-snippet":"max-snippet:-1","max-image-preview":"max-image-preview:large","max-video-preview":"max-video-preview:-1"},"canonical":"https:\/\/www.johnv-detectives.nl\/over-ons\/","og_locale":"de_DE","og_type":"article","og_title":"Uber uns - John Vullers prive detective","og_description":"John Vullers (JohnV-detectives), voor zowel particulieren als bedrijfsgerelateerde zaken in diefstal, fraude, vermissingen en meer.","og_url":"https:\/\/www.johnv-detectives.nl\/over-ons\/","og_site_name":"John V. Detectives","article_modified_time":"2022-01-06T09:12:46+00:00","twitter_card":"summary_large_image","twitter_misc":{"Gesch\u00e4tzte Lesezeit":"4\u00a0Minuten"},"schema":{"@context":"https:\/\/schema.org","@graph":[{"@type":"WebPage","@id":"https:\/\/www.johnv-detectives.nl\/over-ons\/","url":"https:\/\/www.johnv-detectives.nl\/over-ons\/","name":"Uber uns - John Vullers prive detective","isPartOf":{"@id":"https:\/\/www.johnv-detectives.nl\/#website"},"datePublished":"2022-01-06T09:12:45+00:00","dateModified":"2022-01-06T09:12:46+00:00","description":"John Vullers (JohnV-detectives), voor zowel particulieren als bedrijfsgerelateerde zaken in diefstal, fraude, vermissingen en meer.","breadcrumb":{"@id":"https:\/\/www.johnv-detectives.nl\/over-ons\/#breadcrumb"},"inLanguage":"de","potentialAction":[{"@type":"ReadAction","target":["https:\/\/www.johnv-detectives.nl\/over-ons\/"]}]},{"@type":"BreadcrumbList","@id":"https:\/\/www.johnv-detectives.nl\/over-ons\/#breadcrumb","itemListElement":[{"@type":"ListItem","position":1,"name":"Home","item":"https:\/\/www.johnv-detectives.nl\/"},{"@type":"ListItem","position":2,"name":"Uber uns"}]},{"@type":"WebSite","@id":"https:\/\/www.johnv-detectives.nl\/#website","url":"https:\/\/www.johnv-detectives.nl\/","name":"John V. Detectives","description":"Vakkundig en vertrouwd","publisher":{"@id":"https:\/\/www.johnv-detectives.nl\/#organization"},"potentialAction":[{"@type":"SearchAction","target":{"@type":"EntryPoint","urlTemplate":"https:\/\/www.johnv-detectives.nl\/?s={search_term_string}"},"query-input":{"@type":"PropertyValueSpecification","valueRequired":true,"valueName":"search_term_string"}}],"inLanguage":"de"},{"@type":"Organization","@id":"https:\/\/www.johnv-detectives.nl\/#organization","name":"John Vullers Detectives","url":"https:\/\/www.johnv-detectives.nl\/","logo":{"@type":"ImageObject","inLanguage":"de","@id":"https:\/\/www.johnv-detectives.nl\/#\/schema\/logo\/image\/","url":"https:\/\/www.johnv-detectives.nl\/wp-content\/uploads\/2021\/11\/cropped-LOGO-John-V-Detectives-Rond-1.png","contentUrl":"https:\/\/www.johnv-detectives.nl\/wp-content\/uploads\/2021\/11\/cropped-LOGO-John-V-Detectives-Rond-1.png","width":512,"height":512,"caption":"John Vullers Detectives"},"image":{"@id":"https:\/\/www.johnv-detectives.nl\/#\/schema\/logo\/image\/"}}]}},"_links":{"self":[{"href":"https:\/\/www.johnv-detectives.nl\/de\/wp-json\/wp\/v2\/pages\/19725","targetHints":{"allow":["GET"]}}],"collection":[{"href":"https:\/\/www.johnv-detectives.nl\/de\/wp-json\/wp\/v2\/pages"}],"about":[{"href":"https:\/\/www.johnv-detectives.nl\/de\/wp-json\/wp\/v2\/types\/page"}],"author":[{"embeddable":true,"href":"https:\/\/www.johnv-detectives.nl\/de\/wp-json\/wp\/v2\/users\/4"}],"replies":[{"embeddable":true,"href":"https:\/\/www.johnv-detectives.nl\/de\/wp-json\/wp\/v2\/comments?post=19725"}],"version-history":[{"count":0,"href":"https:\/\/www.johnv-detectives.nl\/de\/wp-json\/wp\/v2\/pages\/19725\/revisions"}],"wp:attachment":[{"href":"https:\/\/www.johnv-detectives.nl\/de\/wp-json\/wp\/v2\/media?parent=19725"}],"curies":[{"name":"wp","href":"https:\/\/api.w.org\/{rel}","templated":true}]}}