{"id":19722,"date":"2022-01-06T10:02:40","date_gmt":"2022-01-06T09:02:40","guid":{"rendered":"https:\/\/www.johnv-detectives.nl\/leistungen-inkasso\/"},"modified":"2022-01-06T10:57:36","modified_gmt":"2022-01-06T09:57:36","slug":"leistungen-inkasso","status":"publish","type":"page","link":"https:\/\/www.johnv-detectives.nl\/de\/leistungen\/leistungen-inkasso\/","title":{"rendered":"Leistungen &#8211; Inkasso"},"content":{"rendered":"<div class=\"wpb-content-wrapper\"><p>[vc_row full_width=&#8220;stretch_row&#8220; bg_type=&#8220;image&#8220; parallax_style=&#8220;vcpb-default&#8220; bg_image_new=&#8220;id^17842|url^https:\/\/www.johnv-detectives.nl\/wp-content\/uploads\/2021\/12\/header-diensten.jpg|caption^null|alt^null|title^header diensten|description^null&#8220; enable_overlay=&#8220;enable_overlay_value&#8220; overlay_color=&#8220;rgba(0,0,0,0.4)&#8220; el_class=&#8220;hero-home&#8220;][vc_column][vc_empty_space height=&#8220;8vh&#8220;]<div id=\"ultimate-heading-718669e768fae7942\" class=\"uvc-heading ult-adjust-bottom-margin ultimate-heading-718669e768fae7942 uvc-4515  uvc-heading-default-font-sizes\" data-hspacer=\"no_spacer\"  data-halign=\"center\" style=\"text-align:center\"><div class=\"uvc-heading-spacer no_spacer\" style=\"top\"><\/div><div class=\"uvc-main-heading ult-responsive\"  data-ultimate-target='.uvc-heading.ultimate-heading-718669e768fae7942 h1'  data-responsive-json-new='{\"font-size\":\"\",\"line-height\":\"\"}' ><h1 style=\"--font-weight:theme;color:#ffffff;\">Leistungen - Inkasso<\/h1><\/div><\/div>[vc_empty_space height=&#8220;8vh&#8220;][vc_row_inner equal_height=&#8220;yes&#8220; content_placement=&#8220;middle&#8220; css=&#8220;.vc_custom_1639558490173{padding-top: 25px !important;padding-bottom: 25px !important;background-color: #4f5664 !important;}&#8220; el_class=&#8220;hero-home-ctabox&#8220;][vc_column_inner width=&#8220;3\/4&#8243;]<div id=\"ultimate-heading-674969e768fae79a7\" class=\"uvc-heading ult-adjust-bottom-margin ultimate-heading-674969e768fae79a7 uvc-4948  uvc-heading-default-font-sizes\" data-hspacer=\"no_spacer\"  data-halign=\"left\" style=\"text-align:left\"><div class=\"uvc-heading-spacer no_spacer\" style=\"top\"><\/div><div class=\"uvc-main-heading ult-responsive\"  data-ultimate-target='.uvc-heading.ultimate-heading-674969e768fae79a7 h2'  data-responsive-json-new='{\"font-size\":\"\",\"line-height\":\"\"}' ><h2 style=\"--font-weight:theme;color:#ffffff;margin-bottom:10px;\">Einleitung<\/h2><\/div><div class=\"uvc-sub-heading ult-responsive\"  data-ultimate-target='.uvc-heading.ultimate-heading-674969e768fae79a7 .uvc-sub-heading '  data-responsive-json-new='{\"font-size\":\"\",\"line-height\":\"\"}'  style=\"font-weight:normal;color:#ffffff;\">Dank unseres spezialisierten Teams von Inkassospezialisten, die sich daf\u00fcr einsetzen, Ihre offenen Kontobetr\u00e4ge einzuziehen, k\u00f6nnen wir einen Unterschied zu vielen anderen Inkassounternehmen machen. Unsere Spezialisten gehen \u00fcber das Versenden eines Briefes oder Telefonierens hinaus. Gegebenenfalls wird der Schuldner pers\u00f6nlich besucht, um gemeinsam eine f\u00fcr alle Seiten akzeptable L\u00f6sung zu finden und die offene Forderung zu begleichen.<\/div><\/div>[\/vc_column_inner][vc_column_inner width=&#8220;1\/4&#8243;][vc_empty_space height=&#8220;20&#8243;]<a href=\"https:\/\/www.incasso.team\/\" class=\"btn-shortcode dt-btn-m dt-btn default-btn-color default-btn-hover-color default-btn-bg-color default-btn-bg-hover-color\" target=\"_blank\" id=\"dt-btn-1\" rel=\"noopener\"><span>Mehr zum inkassoteam<\/span><\/a>[\/vc_column_inner][\/vc_row_inner][\/vc_column][\/vc_row][vc_row full_width=&#8220;stretch_row&#8220; equal_height=&#8220;yes&#8220; content_placement=&#8220;middle&#8220; css=&#8220;.vc_custom_1639060057258{padding-top: 50px !important;background-color: #a7aab1 !important;}&#8220;][vc_column width=&#8220;2\/3&#8243; css=&#8220;.vc_custom_1639558499365{padding-top: 25px !important;padding-bottom: 25px !important;background-color: #f7f7f7 !important;}&#8220;]<div id=\"ultimate-heading-649169e768fae7a56\" class=\"uvc-heading ult-adjust-bottom-margin ultimate-heading-649169e768fae7a56 uvc-1148  uvc-heading-default-font-sizes\" data-hspacer=\"no_spacer\"  data-halign=\"left\" style=\"text-align:left\"><div class=\"uvc-heading-spacer no_spacer\" style=\"top\"><\/div><div class=\"uvc-main-heading ult-responsive\"  data-ultimate-target='.uvc-heading.ultimate-heading-649169e768fae7a56 h2'  data-responsive-json-new='{\"font-size\":\"\",\"line-height\":\"\"}' ><h2 style=\"--font-weight:theme;margin-bottom:10px;\">Leistungen - Inkasso<\/h2><\/div><\/div>[vc_row_inner][vc_column_inner width=&#8220;1\/2&#8243;]<div class=\"standard-arrow list-divider bullet-top\"><ul>\n<li>Inkasso starten<\/li>\n<li>Hausbesuch machen<\/li>\n<li>Durchf\u00fchrung von (strafrechtlichen) Ermittlungen<\/li>\n<\/ul>\n<\/div>[\/vc_column_inner][vc_column_inner width=&#8220;1\/2&#8243;]<div class=\"standard-arrow list-divider bullet-top\"><ul>\n<li>Ergreifen<\/li>\n<li>Einleitung eines Gerichtsverfahrens<\/li>\n<li>Aufsp\u00fcren eines Schuldners, der mit unbekanntem Ziel abgereist ist<\/li>\n<\/ul>\n<\/div>[\/vc_column_inner][\/vc_row_inner][\/vc_column][vc_column width=&#8220;1\/3&#8243; css=&#8220;.vc_custom_1639055883219{background-image: url(https:\/\/www.johnv-detectives.nl\/wp-content\/uploads\/2021\/12\/foto_john_vullers6.jpg?id=17910) !important;background-position: center !important;background-repeat: no-repeat !important;background-size: cover !important;}&#8220;][vc_empty_space height=&#8220;350&#8243;][\/vc_column][\/vc_row][vc_row full_width=&#8220;stretch_row&#8220; equal_height=&#8220;yes&#8220; content_placement=&#8220;middle&#8220; bg_type=&#8220;bg_color&#8220; css=&#8220;.vc_custom_1637331459169{padding-top: 50px !important;padding-bottom: 50px !important;}&#8220; bg_color_value=&#8220;#a7aab1&#8243;][vc_column width=&#8220;2\/3&#8243; css=&#8220;.vc_custom_1639558507800{padding-top: 25px !important;padding-bottom: 25px !important;background-color: #4f5664 !important;background-position: center !important;background-repeat: no-repeat !important;background-size: cover !important;}&#8220;]<div id=\"ultimate-heading-435069e768fae7b41\" class=\"uvc-heading ult-adjust-bottom-margin ultimate-heading-435069e768fae7b41 uvc-6814  uvc-heading-default-font-sizes\" data-hspacer=\"no_spacer\"  data-halign=\"left\" style=\"text-align:left\"><div class=\"uvc-heading-spacer no_spacer\" style=\"top\"><\/div><div class=\"uvc-main-heading ult-responsive\"  data-ultimate-target='.uvc-heading.ultimate-heading-435069e768fae7b41 h2'  data-responsive-json-new='{\"font-size\":\"\",\"line-height\":\"\"}' ><h2 style=\"--font-weight:theme;color:#ffffff;margin-bottom:10px;\">Was kann ich f\u00fcr Sie tun?<\/h2><\/div><\/div>[vc_column_text]<br \/>\n<span style=\"color: #ffffff;\">Wir arbeiten mit Incassoteam zusammen und bieten beide umfangreiche Dienstleistungen im Bereich Inkassodienstleistungen an. Incassoteam f\u00fcr ein Team von Spezialisten und Angeh\u00f6rigen der Anwaltschaft, unserer Privatdetektei und einer Wirtschaftspr\u00fcfungsgesellschaft. Daraus ist eine eingespielte Zusammenarbeit zwischen Fachspezialisten aus dem Schuldnermanagement, der Anwaltschaft und der Kriminalpolizei entstanden. Dank dieser Zusammenarbeit werden buchst\u00e4blich T\u00fcren ge\u00f6ffnet, die anderen verschlossen bleiben. Wir arbeiten immer in der effektivsten Weise und in der Reihenfolge. Von der Verwaltung bis zur Mahnung, von der Klageschrift bis zum Verfahren und vom Hausbesuch bis zur (Auslands-)Ermittlung.<\/span><br \/>\n[\/vc_column_text][vc_empty_space height=&#8220;20&#8243;][vc_row_inner][vc_column_inner width=&#8220;1\/4&#8243;]<a href=\"\/de\/kontakt\/\" class=\"btn-shortcode dt-btn-s dt-btn default-btn-color default-btn-hover-color default-btn-bg-color default-btn-bg-hover-color\" id=\"dt-btn-2\"><span>Kontaktiere uns<\/span><\/a>[\/vc_column_inner][vc_column_inner width=&#8220;1\/4&#8243;]<a href=\"https:\/\/www.incasso.team\/\" class=\"btn-shortcode dt-btn-s dt-btn default-btn-color default-btn-hover-color default-btn-bg-color default-btn-bg-hover-color\" target=\"_blank\" id=\"dt-btn-3\" rel=\"noopener\"><span>Geben Sie Ihren Lastschriftauftrag online auf<\/span><\/a>[\/vc_column_inner][vc_column_inner width=&#8220;1\/4&#8243;][\/vc_column_inner][vc_column_inner width=&#8220;1\/4&#8243;][\/vc_column_inner][\/vc_row_inner][\/vc_column][vc_column width=&#8220;1\/3&#8243; css=&#8220;.vc_custom_1637828845585{background-color: #ffffff !important;background-position: center !important;background-repeat: no-repeat !important;background-size: cover !important;}&#8220;][vc_row_inner equal_height=&#8220;yes&#8220; content_placement=&#8220;middle&#8220; gap=&#8220;10&#8243;][vc_column_inner css=&#8220;.vc_custom_1637329280746{padding-top: 5% !important;padding-right: 5% !important;padding-bottom: 5% !important;padding-left: 5% !important;}&#8220;]<div id=\"ultimate-heading-24369e768fae7bf0\" class=\"uvc-heading ult-adjust-bottom-margin ultimate-heading-24369e768fae7bf0 uvc-8018 \" data-hspacer=\"no_spacer\"  data-halign=\"left\" style=\"text-align:left\"><div class=\"uvc-heading-spacer no_spacer\" style=\"top\"><\/div><div class=\"uvc-main-heading ult-responsive\"  data-ultimate-target='.uvc-heading.ultimate-heading-24369e768fae7bf0 h2'  data-responsive-json-new='{\"font-size\":\"\",\"line-height\":\"desktop:35px;\"}' ><h2 style=\"--font-weight:theme;margin-bottom:10px;\">Unse andere leistungen<\/h2><\/div><\/div>[vc_raw_html]PGgzPjxhIGhyZWY9Ii9kZS9sZWlzdHVuZ2VuL2xlaXN0dW5nZW4tZnVyLWdlc2NoYWZ0c2t1bmRlbiI+TGVpc3R1bmdlbiBmw7xyIEdlc2Now6RmdHNrdW5kZW48L2E+PC9oMz4=[\/vc_raw_html][vc_separator color=&#8220;custom&#8220; align=&#8220;align_left&#8220; el_width=&#8220;40&#8243; css=&#8220;.vc_custom_1637828907187{padding-bottom: 20px !important;}&#8220; accent_color=&#8220;#b17f4c&#8220;][vc_raw_html]PGgzPjxhIGhyZWY9Ii9kZS9sZWlzdHVuZ2VuL2xlaXN0dW5nZW4tZnVyLWFud2FsdHNrYW56bGVpZW4iPkxlaXN0dW5nZW4gZsO8ciBBbndhbHRza2FuemxlaWVuPC9hPjwvaDM+[\/vc_raw_html][vc_separator color=&#8220;custom&#8220; align=&#8220;align_left&#8220; el_width=&#8220;40&#8243; css=&#8220;.vc_custom_1637828907187{padding-bottom: 20px !important;}&#8220; accent_color=&#8220;#b17f4c&#8220;][vc_raw_html]PGgzPjxhIGhyZWY9Ii9kZS9sZWlzdHVuZ2VuL2xlaXN0dW5nZW4tZnVyLXByaXZhdGt1bmRlbiI+TGVpc3R1bmdlbiBmw7xyIFByaXZhdGt1bmRlbjwvYT48L2gzPg==[\/vc_raw_html][vc_separator color=&#8220;custom&#8220; align=&#8220;align_left&#8220; el_width=&#8220;40&#8243; css=&#8220;.vc_custom_1637828907187{padding-bottom: 20px !important;}&#8220; accent_color=&#8220;#b17f4c&#8220;][vc_raw_html]PGgzPjxhIGhyZWY9Ii9kZS9sZWlzdHVuZ2VuLWlua2Fzc28iPklua2Fzc288L2E+PC9oMz4=[\/vc_raw_html][\/vc_column_inner][\/vc_row_inner][\/vc_column][\/vc_row][vc_row full_width=&#8220;stretch_row&#8220; gap=&#8220;10&#8243; equal_height=&#8220;yes&#8220; content_placement=&#8220;middle&#8220; bg_type=&#8220;image&#8220; parallax_style=&#8220;vcpb-default&#8220; bg_image_new=&#8220;id^16343|url^https:\/\/www.johnv-detectives.nl\/wp-content\/uploads\/2021\/11\/wazig-john-vullers-tipinfo.jpg|caption^null|alt^null|title^wazig john vullers tipinfo|description^null&#8220; enable_overlay=&#8220;enable_overlay_value&#8220; overlay_color=&#8220;rgba(0,0,0,0.6)&#8220; css=&#8220;.vc_custom_1639994204373{padding-top: 5vh !important;padding-bottom: 5vh !important;}&#8220; el_class=&#8220;bg-half-right&#8220;][vc_column width=&#8220;2\/3&#8243; css=&#8220;.vc_custom_1637327918951{background-position: center !important;background-repeat: no-repeat !important;background-size: cover !important;}&#8220;]<div id=\"ultimate-heading-100669e768fae7c2c\" class=\"uvc-heading ult-adjust-bottom-margin ultimate-heading-100669e768fae7c2c uvc-407  uvc-heading-default-font-sizes\" data-hspacer=\"no_spacer\"  data-halign=\"left\" style=\"text-align:left\"><div class=\"uvc-heading-spacer no_spacer\" style=\"top\"><\/div><div class=\"uvc-main-heading ult-responsive\"  data-ultimate-target='.uvc-heading.ultimate-heading-100669e768fae7c2c h2'  data-responsive-json-new='{\"font-size\":\"\",\"line-height\":\"\"}' ><h2 style=\"--font-weight:theme;color:#ffffff;margin-bottom:10px;\">Haben Sie Tipps oder Informationen?<\/h2><\/div><div class=\"uvc-sub-heading ult-responsive\"  data-ultimate-target='.uvc-heading.ultimate-heading-100669e768fae7c2c .uvc-sub-heading '  data-responsive-json-new='{\"font-size\":\"\",\"line-height\":\"\"}'  style=\"font-weight:normal;color:#ffffff;\">Haben Sie eventuell Tipps oder Informationen zu einem bestimmten Fall? Dann k\u00f6nnen Sie jederzeit telefonisch oder per E-Mail Kontakt zu uns aufnehmen.<\/div><\/div>[\/vc_column][vc_column width=&#8220;1\/3&#8243;]<a href=\"\/de\/kontakt\/\" class=\"btn-shortcode dt-btn-m dt-btn default-btn-color default-btn-hover-color default-btn-bg-color default-btn-bg-hover-color\" id=\"dt-btn-4\"><span>Kontaktiere uns<\/span><\/a>[\/vc_column][\/vc_row]<\/p>\n<\/div>","protected":false},"excerpt":{"rendered":"<p>[vc_row full_width=&#8220;stretch_row&#8220; bg_type=&#8220;image&#8220; parallax_style=&#8220;vcpb-default&#8220; bg_image_new=&#8220;id^17842|url^https:\/\/www.johnv-detectives.nl\/wp-content\/uploads\/2021\/12\/header-diensten.jpg|caption^null|alt^null|title^header diensten|description^null&#8220; enable_overlay=&#8220;enable_overlay_value&#8220; overlay_color=&#8220;rgba(0,0,0,0.4)&#8220; el_class=&#8220;hero-home&#8220;][vc_column][vc_empty_space height=&#8220;8vh&#8220;][vc_empty_space height=&#8220;8vh&#8220;][vc_row_inner equal_height=&#8220;yes&#8220; content_placement=&#8220;middle&#8220; css=&#8220;.vc_custom_1639558490173{padding-top: 25px !important;padding-bottom: 25px !important;background-color: #4f5664 !important;}&#8220; el_class=&#8220;hero-home-ctabox&#8220;][vc_column_inner width=&#8220;3\/4&#8243;][\/vc_column_inner][vc_column_inner width=&#8220;1\/4&#8243;][vc_empty_space height=&#8220;20&#8243;][\/vc_column_inner][\/vc_row_inner][\/vc_column][\/vc_row][vc_row full_width=&#8220;stretch_row&#8220; equal_height=&#8220;yes&#8220; content_placement=&#8220;middle&#8220; css=&#8220;.vc_custom_1639060057258{padding-top: 50px !important;background-color: #a7aab1 !important;}&#8220;][vc_column width=&#8220;2\/3&#8243; css=&#8220;.vc_custom_1639558499365{padding-top: 25px !important;padding-bottom: 25px !important;background-color: #f7f7f7 !important;}&#8220;][vc_row_inner][vc_column_inner width=&#8220;1\/2&#8243;][\/vc_column_inner][vc_column_inner width=&#8220;1\/2&#8243;][\/vc_column_inner][\/vc_row_inner][\/vc_column][vc_column width=&#8220;1\/3&#8243; css=&#8220;.vc_custom_1639055883219{background-image: url(https:\/\/www.johnv-detectives.nl\/wp-content\/uploads\/2021\/12\/foto_john_vullers6.jpg?id=17910) !important;background-position: center !important;background-repeat: no-repeat !important;background-size: cover !important;}&#8220;][vc_empty_space height=&#8220;350&#8243;][\/vc_column][\/vc_row][vc_row full_width=&#8220;stretch_row&#8220; equal_height=&#8220;yes&#8220;&hellip;<\/p>\n","protected":false},"author":4,"featured_media":0,"parent":19734,"menu_order":0,"comment_status":"closed","ping_status":"closed","template":"","meta":{"footnotes":""},"class_list":["post-19722","page","type-page","status-publish","hentry","description-off"],"yoast_head":"<!-- This site is optimized with the Yoast SEO plugin v24.1 - https:\/\/yoast.com\/wordpress\/plugins\/seo\/ -->\n<title>Leistungen - Inkasso - John Vullers prive detective<\/title>\n<meta name=\"description\" content=\"Ausstehende Anspr\u00fcche? Mit dem inkassoteam der John Vullers Detectives ist dies im Handumdrehen arrangiert. JohnV-Detectives helfen Ihnen gerne weiter.\" \/>\n<meta name=\"robots\" content=\"index, follow, max-snippet:-1, max-image-preview:large, max-video-preview:-1\" \/>\n<link rel=\"canonical\" href=\"https:\/\/www.johnv-detectives.nl\/diensten\/incassoteam\/\" \/>\n<meta property=\"og:locale\" content=\"de_DE\" \/>\n<meta property=\"og:type\" content=\"article\" \/>\n<meta property=\"og:title\" content=\"Leistungen - Inkasso - John Vullers prive detective\" \/>\n<meta property=\"og:description\" content=\"Ausstehende Anspr\u00fcche? Mit dem inkassoteam der John Vullers Detectives ist dies im Handumdrehen arrangiert. JohnV-Detectives helfen Ihnen gerne weiter.\" \/>\n<meta property=\"og:url\" content=\"https:\/\/www.johnv-detectives.nl\/diensten\/incassoteam\/\" \/>\n<meta property=\"og:site_name\" content=\"John V. Detectives\" \/>\n<meta property=\"article:modified_time\" content=\"2022-01-06T09:57:36+00:00\" \/>\n<meta name=\"twitter:card\" content=\"summary_large_image\" \/>\n<meta name=\"twitter:label1\" content=\"Gesch\u00e4tzte Lesezeit\" \/>\n\t<meta name=\"twitter:data1\" content=\"5\u00a0Minuten\" \/>\n<script type=\"application\/ld+json\" class=\"yoast-schema-graph\">{\"@context\":\"https:\/\/schema.org\",\"@graph\":[{\"@type\":\"WebPage\",\"@id\":\"https:\/\/www.johnv-detectives.nl\/diensten\/incassoteam\/\",\"url\":\"https:\/\/www.johnv-detectives.nl\/diensten\/incassoteam\/\",\"name\":\"Leistungen - Inkasso - John Vullers prive detective\",\"isPartOf\":{\"@id\":\"https:\/\/www.johnv-detectives.nl\/#website\"},\"datePublished\":\"2022-01-06T09:02:40+00:00\",\"dateModified\":\"2022-01-06T09:57:36+00:00\",\"description\":\"Ausstehende Anspr\u00fcche? Mit dem inkassoteam der John Vullers Detectives ist dies im Handumdrehen arrangiert. JohnV-Detectives helfen Ihnen gerne weiter.\",\"breadcrumb\":{\"@id\":\"https:\/\/www.johnv-detectives.nl\/diensten\/incassoteam\/#breadcrumb\"},\"inLanguage\":\"de\",\"potentialAction\":[{\"@type\":\"ReadAction\",\"target\":[\"https:\/\/www.johnv-detectives.nl\/diensten\/incassoteam\/\"]}]},{\"@type\":\"BreadcrumbList\",\"@id\":\"https:\/\/www.johnv-detectives.nl\/diensten\/incassoteam\/#breadcrumb\",\"itemListElement\":[{\"@type\":\"ListItem\",\"position\":1,\"name\":\"Home\",\"item\":\"https:\/\/www.johnv-detectives.nl\/\"},{\"@type\":\"ListItem\",\"position\":2,\"name\":\"Leistungen\",\"item\":\"https:\/\/www.johnv-detectives.nl\/diensten\/\"},{\"@type\":\"ListItem\",\"position\":3,\"name\":\"Leistungen &#8211; Inkasso\"}]},{\"@type\":\"WebSite\",\"@id\":\"https:\/\/www.johnv-detectives.nl\/#website\",\"url\":\"https:\/\/www.johnv-detectives.nl\/\",\"name\":\"John V. Detectives\",\"description\":\"Vakkundig en vertrouwd\",\"publisher\":{\"@id\":\"https:\/\/www.johnv-detectives.nl\/#organization\"},\"potentialAction\":[{\"@type\":\"SearchAction\",\"target\":{\"@type\":\"EntryPoint\",\"urlTemplate\":\"https:\/\/www.johnv-detectives.nl\/?s={search_term_string}\"},\"query-input\":{\"@type\":\"PropertyValueSpecification\",\"valueRequired\":true,\"valueName\":\"search_term_string\"}}],\"inLanguage\":\"de\"},{\"@type\":\"Organization\",\"@id\":\"https:\/\/www.johnv-detectives.nl\/#organization\",\"name\":\"John Vullers Detectives\",\"url\":\"https:\/\/www.johnv-detectives.nl\/\",\"logo\":{\"@type\":\"ImageObject\",\"inLanguage\":\"de\",\"@id\":\"https:\/\/www.johnv-detectives.nl\/#\/schema\/logo\/image\/\",\"url\":\"https:\/\/www.johnv-detectives.nl\/wp-content\/uploads\/2021\/11\/cropped-LOGO-John-V-Detectives-Rond-1.png\",\"contentUrl\":\"https:\/\/www.johnv-detectives.nl\/wp-content\/uploads\/2021\/11\/cropped-LOGO-John-V-Detectives-Rond-1.png\",\"width\":512,\"height\":512,\"caption\":\"John Vullers Detectives\"},\"image\":{\"@id\":\"https:\/\/www.johnv-detectives.nl\/#\/schema\/logo\/image\/\"}}]}<\/script>\n<!-- \/ Yoast SEO plugin. -->","yoast_head_json":{"title":"Leistungen - Inkasso - John Vullers prive detective","description":"Ausstehende Anspr\u00fcche? Mit dem inkassoteam der John Vullers Detectives ist dies im Handumdrehen arrangiert. JohnV-Detectives helfen Ihnen gerne weiter.","robots":{"index":"index","follow":"follow","max-snippet":"max-snippet:-1","max-image-preview":"max-image-preview:large","max-video-preview":"max-video-preview:-1"},"canonical":"https:\/\/www.johnv-detectives.nl\/diensten\/incassoteam\/","og_locale":"de_DE","og_type":"article","og_title":"Leistungen - Inkasso - John Vullers prive detective","og_description":"Ausstehende Anspr\u00fcche? Mit dem inkassoteam der John Vullers Detectives ist dies im Handumdrehen arrangiert. JohnV-Detectives helfen Ihnen gerne weiter.","og_url":"https:\/\/www.johnv-detectives.nl\/diensten\/incassoteam\/","og_site_name":"John V. Detectives","article_modified_time":"2022-01-06T09:57:36+00:00","twitter_card":"summary_large_image","twitter_misc":{"Gesch\u00e4tzte Lesezeit":"5\u00a0Minuten"},"schema":{"@context":"https:\/\/schema.org","@graph":[{"@type":"WebPage","@id":"https:\/\/www.johnv-detectives.nl\/diensten\/incassoteam\/","url":"https:\/\/www.johnv-detectives.nl\/diensten\/incassoteam\/","name":"Leistungen - Inkasso - John Vullers prive detective","isPartOf":{"@id":"https:\/\/www.johnv-detectives.nl\/#website"},"datePublished":"2022-01-06T09:02:40+00:00","dateModified":"2022-01-06T09:57:36+00:00","description":"Ausstehende Anspr\u00fcche? Mit dem inkassoteam der John Vullers Detectives ist dies im Handumdrehen arrangiert. JohnV-Detectives helfen Ihnen gerne weiter.","breadcrumb":{"@id":"https:\/\/www.johnv-detectives.nl\/diensten\/incassoteam\/#breadcrumb"},"inLanguage":"de","potentialAction":[{"@type":"ReadAction","target":["https:\/\/www.johnv-detectives.nl\/diensten\/incassoteam\/"]}]},{"@type":"BreadcrumbList","@id":"https:\/\/www.johnv-detectives.nl\/diensten\/incassoteam\/#breadcrumb","itemListElement":[{"@type":"ListItem","position":1,"name":"Home","item":"https:\/\/www.johnv-detectives.nl\/"},{"@type":"ListItem","position":2,"name":"Leistungen","item":"https:\/\/www.johnv-detectives.nl\/diensten\/"},{"@type":"ListItem","position":3,"name":"Leistungen &#8211; Inkasso"}]},{"@type":"WebSite","@id":"https:\/\/www.johnv-detectives.nl\/#website","url":"https:\/\/www.johnv-detectives.nl\/","name":"John V. Detectives","description":"Vakkundig en vertrouwd","publisher":{"@id":"https:\/\/www.johnv-detectives.nl\/#organization"},"potentialAction":[{"@type":"SearchAction","target":{"@type":"EntryPoint","urlTemplate":"https:\/\/www.johnv-detectives.nl\/?s={search_term_string}"},"query-input":{"@type":"PropertyValueSpecification","valueRequired":true,"valueName":"search_term_string"}}],"inLanguage":"de"},{"@type":"Organization","@id":"https:\/\/www.johnv-detectives.nl\/#organization","name":"John Vullers Detectives","url":"https:\/\/www.johnv-detectives.nl\/","logo":{"@type":"ImageObject","inLanguage":"de","@id":"https:\/\/www.johnv-detectives.nl\/#\/schema\/logo\/image\/","url":"https:\/\/www.johnv-detectives.nl\/wp-content\/uploads\/2021\/11\/cropped-LOGO-John-V-Detectives-Rond-1.png","contentUrl":"https:\/\/www.johnv-detectives.nl\/wp-content\/uploads\/2021\/11\/cropped-LOGO-John-V-Detectives-Rond-1.png","width":512,"height":512,"caption":"John Vullers Detectives"},"image":{"@id":"https:\/\/www.johnv-detectives.nl\/#\/schema\/logo\/image\/"}}]}},"_links":{"self":[{"href":"https:\/\/www.johnv-detectives.nl\/de\/wp-json\/wp\/v2\/pages\/19722","targetHints":{"allow":["GET"]}}],"collection":[{"href":"https:\/\/www.johnv-detectives.nl\/de\/wp-json\/wp\/v2\/pages"}],"about":[{"href":"https:\/\/www.johnv-detectives.nl\/de\/wp-json\/wp\/v2\/types\/page"}],"author":[{"embeddable":true,"href":"https:\/\/www.johnv-detectives.nl\/de\/wp-json\/wp\/v2\/users\/4"}],"replies":[{"embeddable":true,"href":"https:\/\/www.johnv-detectives.nl\/de\/wp-json\/wp\/v2\/comments?post=19722"}],"version-history":[{"count":0,"href":"https:\/\/www.johnv-detectives.nl\/de\/wp-json\/wp\/v2\/pages\/19722\/revisions"}],"up":[{"embeddable":true,"href":"https:\/\/www.johnv-detectives.nl\/de\/wp-json\/wp\/v2\/pages\/19734"}],"wp:attachment":[{"href":"https:\/\/www.johnv-detectives.nl\/de\/wp-json\/wp\/v2\/media?parent=19722"}],"curies":[{"name":"wp","href":"https:\/\/api.w.org\/{rel}","templated":true}]}}