{"id":19719,"date":"2022-01-06T09:46:31","date_gmt":"2022-01-06T08:46:31","guid":{"rendered":"https:\/\/www.johnv-detectives.nl\/leistungen-fur-privatkunden\/"},"modified":"2022-01-06T10:56:36","modified_gmt":"2022-01-06T09:56:36","slug":"leistungen-fur-privatkunden","status":"publish","type":"page","link":"https:\/\/www.johnv-detectives.nl\/de\/leistungen\/leistungen-fur-privatkunden\/","title":{"rendered":"Leistungen fur Privatkunden"},"content":{"rendered":"<div class=\"wpb-content-wrapper\"><p>[vc_row full_width=&#8220;stretch_row&#8220; bg_type=&#8220;image&#8220; parallax_style=&#8220;vcpb-default&#8220; bg_image_new=&#8220;id^17832|url^https:\/\/www.johnv-detectives.nl\/wp-content\/uploads\/2021\/12\/header-in-onderzoek.jpg|caption^null|alt^null|title^header in onderzoek|description^null&#8220; enable_overlay=&#8220;enable_overlay_value&#8220; overlay_color=&#8220;rgba(0,0,0,0.4)&#8220; el_class=&#8220;hero-home&#8220;][vc_column][vc_empty_space height=&#8220;8vh&#8220;]<div id=\"ultimate-heading-10069f3461710699\" class=\"uvc-heading ult-adjust-bottom-margin ultimate-heading-10069f3461710699 uvc-7815  uvc-heading-default-font-sizes\" data-hspacer=\"no_spacer\"  data-halign=\"center\" style=\"text-align:center\"><div class=\"uvc-heading-spacer no_spacer\" style=\"top\"><\/div><div class=\"uvc-main-heading ult-responsive\"  data-ultimate-target='.uvc-heading.ultimate-heading-10069f3461710699 h1'  data-responsive-json-new='{\"font-size\":\"\",\"line-height\":\"\"}' ><h1 style=\"--font-weight:theme;color:#ffffff;\">Privatkunden<\/h1><\/div><\/div>[vc_empty_space height=&#8220;8vh&#8220;][vc_row_inner css=&#8220;.vc_custom_1639558326948{padding-top: 25px !important;padding-bottom: 25px !important;background-color: #4f5664 !important;}&#8220; el_class=&#8220;hero-home-ctabox&#8220;][vc_column_inner]<div id=\"ultimate-heading-301869f3461710705\" class=\"uvc-heading ult-adjust-bottom-margin ultimate-heading-301869f3461710705 uvc-8097  uvc-heading-default-font-sizes\" data-hspacer=\"no_spacer\"  data-halign=\"left\" style=\"text-align:left\"><div class=\"uvc-heading-spacer no_spacer\" style=\"top\"><\/div><div class=\"uvc-main-heading ult-responsive\"  data-ultimate-target='.uvc-heading.ultimate-heading-301869f3461710705 h2'  data-responsive-json-new='{\"font-size\":\"\",\"line-height\":\"\"}' ><h2 style=\"--font-weight:theme;color:#ffffff;margin-bottom:10px;\">Einleitung<\/h2><\/div><div class=\"uvc-sub-heading ult-responsive\"  data-ultimate-target='.uvc-heading.ultimate-heading-301869f3461710705 .uvc-sub-heading '  data-responsive-json-new='{\"font-size\":\"\",\"line-height\":\"\"}'  style=\"font-weight:normal;color:#ffffff;\"><\/p>\n<p>Auch Privatpersonen k\u00f6nnen in Situationen geraten, in denen sie sich aus verschiedensten Gr\u00fcnden nicht auf die Hilfe der Polizei oder anderer Beh\u00f6rden verlassen k\u00f6nnen. Eventuell kann oder will die Polizei Ihren Fall nicht bearbeiten, weil er zivilrechtliche Aspekte aufweist. Das gilt zum Beispiel f\u00fcr Probleme im Zusammenhang mit Unterhaltszahlungen. Au\u00dferdem stellen wir immer h\u00e4ufiger fest, dass Strafsachen ebenfalls nicht bearbeitet werden, da der Fall keine Priorit\u00e4t hat oder die Polizei nicht \u00fcber hinreichend Kapazit\u00e4ten verf\u00fcgt, um den Fall zu bearbeiten. In solchen Situationen sind wir f\u00fcr Sie da, denn wo die Arbeit der Polizei endet, fangen wir erst an.<\/p>\n<p><\/div><\/div>[\/vc_column_inner][\/vc_row_inner][\/vc_column][\/vc_row][vc_row full_width=&#8220;stretch_row&#8220; equal_height=&#8220;yes&#8220; css=&#8220;.vc_custom_1637330270392{padding-top: 50px !important;background-color: #a7aab1 !important;}&#8220;][vc_column width=&#8220;1\/3&#8243; css=&#8220;.vc_custom_1639056676767{background-image: url(https:\/\/www.johnv-detectives.nl\/wp-content\/uploads\/2021\/12\/foto-voor-het-raam-johnnn.jpg?id=17920) !important;background-position: center !important;background-repeat: no-repeat !important;background-size: cover !important;}&#8220;]<\/p>\n<p>[vc_empty_space height=&#8220;350&#8243;][\/vc_column][vc_column width=&#8220;2\/3&#8243; css=&#8220;.vc_custom_1639558382543{padding-top: 25px !important;padding-bottom: 25px !important;background-color: #f7f7f7 !important;}&#8220;]<div id=\"ultimate-heading-893069f346171074a\" class=\"uvc-heading ult-adjust-bottom-margin ultimate-heading-893069f346171074a uvc-498  uvc-heading-default-font-sizes\" data-hspacer=\"no_spacer\"  data-halign=\"left\" style=\"text-align:left\"><div class=\"uvc-heading-spacer no_spacer\" style=\"top\"><\/div><div class=\"uvc-main-heading ult-responsive\"  data-ultimate-target='.uvc-heading.ultimate-heading-893069f346171074a h2'  data-responsive-json-new='{\"font-size\":\"\",\"line-height\":\"\"}' ><h2 style=\"--font-weight:theme;margin-bottom:10px;\">Leistungen f\u00fcr Privatkunden<\/h2><\/div><\/div>[vc_row_inner][vc_column_inner width=&#8220;1\/2&#8243;]<div class=\"standard-arrow list-divider bullet-top\"><ul>\n<li>Fahndung nach gestohlenen Oldtimern\/exklusiven Autos<\/li>\n<li>Fahndung nach gestohlenen Kunstwerken<\/li>\n<li>Ermittlung zu Unterhaltszahlungen (von Partnern)<\/li>\n<li>Fahndung nach vermissten Personen<\/li>\n<li>Fahndung nach (vermissten) Personen<\/li>\n<li>Ermittlung zu Zeugen<\/li>\n<li>Ermittlung zu Regressanspr\u00fcchen<\/li>\n<li>Untersuchung und Beurteilung von (Straf-)Akten<\/li>\n<\/ul>\n<\/div>[\/vc_column_inner][vc_column_inner width=&#8220;1\/2&#8243;]<div class=\"standard-arrow list-divider bullet-top\"><ul>\n<li>Ermittlung zu Erpressung\/N\u00f6tigung<\/li>\n<li>Konfrontationsgespr\u00e4che in Form von Verh\u00f6ren\/Interviews<\/li>\n<li>Ermittlung in Diebstahl-\/Schwindel-\/Betrugssachen<\/li>\n<li>Untersuchung von F\u00e4lschungen\/Falsifikaten<\/li>\n<li>Forensisch-taktische Untersuchung digitaler Datentr\u00e4ger<\/li>\n<li>Internetrecherche<\/li>\n<li>Pr\u00e4sentationen\/Aufkl\u00e4rung<\/li>\n<li>Sonstige privatdetektivische Leistungen<\/li>\n<\/ul>\n<\/div>[\/vc_column_inner][\/vc_row_inner][\/vc_column][\/vc_row][vc_row full_width=&#8220;stretch_row&#8220; equal_height=&#8220;yes&#8220; content_placement=&#8220;middle&#8220; bg_type=&#8220;bg_color&#8220; css=&#8220;.vc_custom_1639063865719{padding-top: 50px !important;padding-bottom: 50px !important;}&#8220; bg_color_value=&#8220;#a7aab1&#8243; el_class=&#8220;reverse-row-on-mobile&#8220;][vc_column width=&#8220;1\/3&#8243; css=&#8220;.vc_custom_1637828845585{background-color: #ffffff !important;background-position: center !important;background-repeat: no-repeat !important;background-size: cover !important;}&#8220;][vc_row_inner equal_height=&#8220;yes&#8220; content_placement=&#8220;middle&#8220; gap=&#8220;10&#8243;][vc_column_inner css=&#8220;.vc_custom_1639558407543{padding-top: 25px !important;padding-bottom: 25px !important;}&#8220;]<div id=\"ultimate-heading-432369f346171084b\" class=\"uvc-heading ult-adjust-bottom-margin ultimate-heading-432369f346171084b uvc-8393 \" data-hspacer=\"no_spacer\"  data-halign=\"left\" style=\"text-align:left\"><div class=\"uvc-heading-spacer no_spacer\" style=\"top\"><\/div><div class=\"uvc-main-heading ult-responsive\"  data-ultimate-target='.uvc-heading.ultimate-heading-432369f346171084b h2'  data-responsive-json-new='{\"font-size\":\"\",\"line-height\":\"desktop:35px;\"}' ><h2 style=\"--font-weight:theme;margin-bottom:10px;\">Unse andere leistungen<\/h2><\/div><\/div>[vc_raw_html]PGgzPjxhIGhyZWY9Ii9kZS9sZWlzdHVuZ2VuL2xlaXN0dW5nZW4tZnVyLWdlc2NoYWZ0c2t1bmRlbiIgZGF0YS1tY2UtaHJlZj0iL2RlL2xlaXN0dW5nZW4vbGVpc3R1bmdlbi1mdXItZ2VzY2hhZnRza3VuZGVuIj5MZWlzdHVuZ2VuIGbDvHIgR2VzY2jDpGZ0c2t1bmRlbjwvYT48L2gzPg==[\/vc_raw_html][vc_separator color=&#8220;custom&#8220; align=&#8220;align_left&#8220; el_width=&#8220;40&#8243; css=&#8220;.vc_custom_1637828907187{padding-bottom: 20px !important;}&#8220; accent_color=&#8220;#b17f4c&#8220;][vc_raw_html]PGgzPjxhIGhyZWY9Ii9kZS9sZWlzdHVuZ2VuL2xlaXN0dW5nZW4tZnVyLWFud2FsdHNrYW56bGVpZW4iIGRhdGEtbWNlLWhyZWY9Ii9kZS9sZWlzdHVuZ2VuL2xlaXN0dW5nZW4tZnVyLWFud2FsdHNrYW56bGVpZW4iPkxlaXN0dW5nZW4gZsO8ciBBbndhbHRza2FuemxlaWVuPC9hPjwvaDM+[\/vc_raw_html][vc_separator color=&#8220;custom&#8220; align=&#8220;align_left&#8220; el_width=&#8220;40&#8243; css=&#8220;.vc_custom_1637828907187{padding-bottom: 20px !important;}&#8220; accent_color=&#8220;#b17f4c&#8220;][vc_raw_html]PGgzPjxhIGhyZWY9Ii9kZS9sZWlzdHVuZ2VuL2xlaXN0dW5nZW4tZnVyLXByaXZhdGt1bmRlbiIgZGF0YS1tY2UtaHJlZj0iL2RlL2xlaXN0dW5nZW4vbGVpc3R1bmdlbi1mdXItcHJpdmF0a3VuZGVuIj5MZWlzdHVuZ2VuIGbDvHIgUHJpdmF0a3VuZGVuPC9hPjwvaDM+[\/vc_raw_html][vc_separator color=&#8220;custom&#8220; align=&#8220;align_left&#8220; el_width=&#8220;40&#8243; css=&#8220;.vc_custom_1637828907187{padding-bottom: 20px !important;}&#8220; accent_color=&#8220;#b17f4c&#8220;][vc_raw_html]PGgzPjxhIGhyZWY9Ii9kZS9sZWlzdHVuZ2VuLWlua2Fzc28iIGRhdGEtbWNlLWhyZWY9Ii9kZS9sZWlzdHVuZ2VuLWlua2Fzc28iPklua2Fzc288L2E+PC9oMz4=[\/vc_raw_html][\/vc_column_inner][\/vc_row_inner][\/vc_column][vc_column width=&#8220;2\/3&#8243; css=&#8220;.vc_custom_1639558392052{padding-top: 25px !important;padding-bottom: 25px !important;background-color: #4f5664 !important;background-position: center !important;background-repeat: no-repeat !important;background-size: cover !important;}&#8220;]<div id=\"ultimate-heading-260469f346171088b\" class=\"uvc-heading ult-adjust-bottom-margin ultimate-heading-260469f346171088b uvc-6568  uvc-heading-default-font-sizes\" data-hspacer=\"no_spacer\"  data-halign=\"left\" style=\"text-align:left\"><div class=\"uvc-heading-spacer no_spacer\" style=\"top\"><\/div><div class=\"uvc-main-heading ult-responsive\"  data-ultimate-target='.uvc-heading.ultimate-heading-260469f346171088b h2'  data-responsive-json-new='{\"font-size\":\"\",\"line-height\":\"\"}' ><h2 style=\"--font-weight:theme;color:#ffffff;margin-bottom:10px;\">Was kann ich f\u00fcr Sie tun?<\/h2><\/div><\/div>[vc_column_text]<\/p>\n<p><span style=\"color: #ffffff;\" data-mce-style=\"color: #ffffff;\">Mitunter ist eine Sache derart dringend, dass Ihrer Meinung nach unbedingt etwas geschehen muss, obwohl die Polizei die Bearbeitung des Falls eventuell bereits abgelehnt hat. In einem solchen Fall erstellen wir in einem unverbindlichen pers\u00f6nlichen Gespr\u00e4ch gemeinsam mit Ihnen eine Problemanalyse. Wenn beide Seiten sich \u00fcber das Problem und die Erwartungen einig sind, schlie\u00dfen wir einen Vertrag und formulieren \u2013 in komplexen F\u00e4llen \u2013 zus\u00e4tzlich einen Vorgehensplan. So steht von vornherein fest, was wir voneinander erwarten k\u00f6nnen und d\u00fcrfen.<\/span><\/p>\n<p><span style=\"color: #ffffff;\" data-mce-style=\"color: #ffffff;\">Anschlie\u00dfend k\u00f6nnen wir mit der Ermittlungsarbeit beginnen. Bei Bedarf oder auf Wunsch k\u00f6nnen wir unsere Ermittlungsergebnisse an die Polizei oder Staatsanwaltschaft weiterleiten. Die Erfahrung hat uns gezeigt, dass die intensiven Ermittlungen unserer Detektei h\u00e4ufig dazu f\u00fchren, dass die Polizei bzw. die Justiz nachtr\u00e4glich doch in diesen F\u00e4llen aktiv wird. Unsere Berichte k\u00f6nnen sowohl in Zivil- als auch in Strafsachen verwendet werden.<\/span><\/p>\n<p>[\/vc_column_text][vc_empty_space height=&#8220;20&#8243;]<a href=\"\/de\/kontakt\/\" class=\"btn-shortcode dt-btn-s dt-btn default-btn-color default-btn-hover-color default-btn-bg-color default-btn-bg-hover-color\" id=\"dt-btn-1\"><span>Kontaktiere uns<\/span><\/a>[\/vc_column][\/vc_row][vc_row full_width=&#8220;stretch_row&#8220; gap=&#8220;10&#8243; equal_height=&#8220;yes&#8220; content_placement=&#8220;middle&#8220; bg_type=&#8220;image&#8220; parallax_style=&#8220;vcpb-default&#8220; bg_image_new=&#8220;id^16343|url^https:\/\/www.johnv-detectives.nl\/wp-content\/uploads\/2021\/11\/wazig-john-vullers-tipinfo.jpg|caption^null|alt^null|title^wazig john vullers tipinfo|description^null&#8220; enable_overlay=&#8220;enable_overlay_value&#8220; overlay_color=&#8220;rgba(0,0,0,0.6)&#8220; css=&#8220;.vc_custom_1637591231267{padding-top: 5vh !important;padding-bottom: 5vh !important;}&#8220; el_class=&#8220;bg-half-right&#8220;][vc_column width=&#8220;2\/3&#8243; css=&#8220;.vc_custom_1637327918951{background-position: center !important;background-repeat: no-repeat !important;background-size: cover !important;}&#8220;]<div id=\"ultimate-heading-186269f3461710919\" class=\"uvc-heading ult-adjust-bottom-margin ultimate-heading-186269f3461710919 uvc-4017  uvc-heading-default-font-sizes\" data-hspacer=\"no_spacer\"  data-halign=\"left\" style=\"text-align:left\"><div class=\"uvc-heading-spacer no_spacer\" style=\"top\"><\/div><div class=\"uvc-main-heading ult-responsive\"  data-ultimate-target='.uvc-heading.ultimate-heading-186269f3461710919 h2'  data-responsive-json-new='{\"font-size\":\"\",\"line-height\":\"\"}' ><h2 style=\"--font-weight:theme;color:#ffffff;margin-bottom:10px;\">Haben Sie Tipps oder Informationen?<\/h2><\/div><div class=\"uvc-sub-heading ult-responsive\"  data-ultimate-target='.uvc-heading.ultimate-heading-186269f3461710919 .uvc-sub-heading '  data-responsive-json-new='{\"font-size\":\"\",\"line-height\":\"\"}'  style=\"font-weight:normal;color:#ffffff;\"><\/p>\n<p>Haben Sie eventuell Tipps oder Informationen zu einem bestimmten Fall? Dann k\u00f6nnen Sie jederzeit telefonisch oder per E-Mail Kontakt zu uns aufnehmen.<\/p>\n<p><\/div><\/div>[\/vc_column][vc_column width=&#8220;1\/3&#8243;]<a href=\"\/de\/kontakt\/\" class=\"btn-shortcode dt-btn-m dt-btn default-btn-color default-btn-hover-color default-btn-bg-color default-btn-bg-hover-color\" id=\"dt-btn-2\"><span>Kontaktiere uns<\/span><\/a>[\/vc_column][\/vc_row]<\/p>\n<\/div>","protected":false},"excerpt":{"rendered":"<p>[vc_row full_width=&#8220;stretch_row&#8220; bg_type=&#8220;image&#8220; parallax_style=&#8220;vcpb-default&#8220; bg_image_new=&#8220;id^17832|url^https:\/\/www.johnv-detectives.nl\/wp-content\/uploads\/2021\/12\/header-in-onderzoek.jpg|caption^null|alt^null|title^header in onderzoek|description^null&#8220; enable_overlay=&#8220;enable_overlay_value&#8220; overlay_color=&#8220;rgba(0,0,0,0.4)&#8220; el_class=&#8220;hero-home&#8220;][vc_column][vc_empty_space height=&#8220;8vh&#8220;][vc_empty_space height=&#8220;8vh&#8220;][vc_row_inner css=&#8220;.vc_custom_1639558326948{padding-top: 25px !important;padding-bottom: 25px !important;background-color: #4f5664 !important;}&#8220; el_class=&#8220;hero-home-ctabox&#8220;][vc_column_inner][\/vc_column_inner][\/vc_row_inner][\/vc_column][\/vc_row][vc_row full_width=&#8220;stretch_row&#8220; equal_height=&#8220;yes&#8220; css=&#8220;.vc_custom_1637330270392{padding-top: 50px !important;background-color: #a7aab1 !important;}&#8220;][vc_column width=&#8220;1\/3&#8243; css=&#8220;.vc_custom_1639056676767{background-image: url(https:\/\/www.johnv-detectives.nl\/wp-content\/uploads\/2021\/12\/foto-voor-het-raam-johnnn.jpg?id=17920) !important;background-position: center !important;background-repeat: no-repeat !important;background-size: cover !important;}&#8220;] [vc_empty_space height=&#8220;350&#8243;][\/vc_column][vc_column width=&#8220;2\/3&#8243; css=&#8220;.vc_custom_1639558382543{padding-top: 25px !important;padding-bottom: 25px !important;background-color: #f7f7f7 !important;}&#8220;][vc_row_inner][vc_column_inner width=&#8220;1\/2&#8243;][\/vc_column_inner][vc_column_inner width=&#8220;1\/2&#8243;][\/vc_column_inner][\/vc_row_inner][\/vc_column][\/vc_row][vc_row full_width=&#8220;stretch_row&#8220; equal_height=&#8220;yes&#8220; content_placement=&#8220;middle&#8220; bg_type=&#8220;bg_color&#8220; css=&#8220;.vc_custom_1639063865719{padding-top: 50px&hellip;<\/p>\n","protected":false},"author":4,"featured_media":0,"parent":19734,"menu_order":0,"comment_status":"closed","ping_status":"closed","template":"","meta":{"footnotes":""},"class_list":["post-19719","page","type-page","status-publish","hentry","description-off"],"yoast_head":"<!-- This site is optimized with the Yoast SEO plugin v24.1 - https:\/\/yoast.com\/wordpress\/plugins\/seo\/ -->\n<title>Leistungen fur Privatkunden - John Vullers prive detective<\/title>\n<meta name=\"description\" content=\"John Vullers (JohnV-Detektive), sowohl f\u00fcr private als auch gesch\u00e4ftliche F\u00e4lle bei Diebstahl, Betrug, Vermissten und mehr.\" \/>\n<meta name=\"robots\" content=\"index, follow, max-snippet:-1, max-image-preview:large, max-video-preview:-1\" \/>\n<link rel=\"canonical\" href=\"https:\/\/www.johnv-detectives.nl\/diensten\/particulier\/\" \/>\n<meta property=\"og:locale\" content=\"de_DE\" \/>\n<meta property=\"og:type\" content=\"article\" \/>\n<meta property=\"og:title\" content=\"Leistungen fur Privatkunden - John Vullers prive detective\" \/>\n<meta property=\"og:description\" content=\"John Vullers (JohnV-Detektive), sowohl f\u00fcr private als auch gesch\u00e4ftliche F\u00e4lle bei Diebstahl, Betrug, Vermissten und mehr.\" \/>\n<meta property=\"og:url\" content=\"https:\/\/www.johnv-detectives.nl\/diensten\/particulier\/\" \/>\n<meta property=\"og:site_name\" content=\"John V. Detectives\" \/>\n<meta property=\"article:modified_time\" content=\"2022-01-06T09:56:36+00:00\" \/>\n<meta name=\"twitter:card\" content=\"summary_large_image\" \/>\n<meta name=\"twitter:label1\" content=\"Gesch\u00e4tzte Lesezeit\" \/>\n\t<meta name=\"twitter:data1\" content=\"5\u00a0Minuten\" \/>\n<script type=\"application\/ld+json\" class=\"yoast-schema-graph\">{\"@context\":\"https:\/\/schema.org\",\"@graph\":[{\"@type\":\"WebPage\",\"@id\":\"https:\/\/www.johnv-detectives.nl\/diensten\/particulier\/\",\"url\":\"https:\/\/www.johnv-detectives.nl\/diensten\/particulier\/\",\"name\":\"Leistungen fur Privatkunden - John Vullers prive detective\",\"isPartOf\":{\"@id\":\"https:\/\/www.johnv-detectives.nl\/#website\"},\"datePublished\":\"2022-01-06T08:46:31+00:00\",\"dateModified\":\"2022-01-06T09:56:36+00:00\",\"description\":\"John Vullers (JohnV-Detektive), sowohl f\u00fcr private als auch gesch\u00e4ftliche F\u00e4lle bei Diebstahl, Betrug, Vermissten und mehr.\",\"breadcrumb\":{\"@id\":\"https:\/\/www.johnv-detectives.nl\/diensten\/particulier\/#breadcrumb\"},\"inLanguage\":\"de\",\"potentialAction\":[{\"@type\":\"ReadAction\",\"target\":[\"https:\/\/www.johnv-detectives.nl\/diensten\/particulier\/\"]}]},{\"@type\":\"BreadcrumbList\",\"@id\":\"https:\/\/www.johnv-detectives.nl\/diensten\/particulier\/#breadcrumb\",\"itemListElement\":[{\"@type\":\"ListItem\",\"position\":1,\"name\":\"Home\",\"item\":\"https:\/\/www.johnv-detectives.nl\/\"},{\"@type\":\"ListItem\",\"position\":2,\"name\":\"Leistungen\",\"item\":\"https:\/\/www.johnv-detectives.nl\/diensten\/\"},{\"@type\":\"ListItem\",\"position\":3,\"name\":\"Leistungen fur Privatkunden\"}]},{\"@type\":\"WebSite\",\"@id\":\"https:\/\/www.johnv-detectives.nl\/#website\",\"url\":\"https:\/\/www.johnv-detectives.nl\/\",\"name\":\"John V. Detectives\",\"description\":\"Vakkundig en vertrouwd\",\"publisher\":{\"@id\":\"https:\/\/www.johnv-detectives.nl\/#organization\"},\"potentialAction\":[{\"@type\":\"SearchAction\",\"target\":{\"@type\":\"EntryPoint\",\"urlTemplate\":\"https:\/\/www.johnv-detectives.nl\/?s={search_term_string}\"},\"query-input\":{\"@type\":\"PropertyValueSpecification\",\"valueRequired\":true,\"valueName\":\"search_term_string\"}}],\"inLanguage\":\"de\"},{\"@type\":\"Organization\",\"@id\":\"https:\/\/www.johnv-detectives.nl\/#organization\",\"name\":\"John Vullers Detectives\",\"url\":\"https:\/\/www.johnv-detectives.nl\/\",\"logo\":{\"@type\":\"ImageObject\",\"inLanguage\":\"de\",\"@id\":\"https:\/\/www.johnv-detectives.nl\/#\/schema\/logo\/image\/\",\"url\":\"https:\/\/www.johnv-detectives.nl\/wp-content\/uploads\/2021\/11\/cropped-LOGO-John-V-Detectives-Rond-1.png\",\"contentUrl\":\"https:\/\/www.johnv-detectives.nl\/wp-content\/uploads\/2021\/11\/cropped-LOGO-John-V-Detectives-Rond-1.png\",\"width\":512,\"height\":512,\"caption\":\"John Vullers Detectives\"},\"image\":{\"@id\":\"https:\/\/www.johnv-detectives.nl\/#\/schema\/logo\/image\/\"}}]}<\/script>\n<!-- \/ Yoast SEO plugin. -->","yoast_head_json":{"title":"Leistungen fur Privatkunden - John Vullers prive detective","description":"John Vullers (JohnV-Detektive), sowohl f\u00fcr private als auch gesch\u00e4ftliche F\u00e4lle bei Diebstahl, Betrug, Vermissten und mehr.","robots":{"index":"index","follow":"follow","max-snippet":"max-snippet:-1","max-image-preview":"max-image-preview:large","max-video-preview":"max-video-preview:-1"},"canonical":"https:\/\/www.johnv-detectives.nl\/diensten\/particulier\/","og_locale":"de_DE","og_type":"article","og_title":"Leistungen fur Privatkunden - John Vullers prive detective","og_description":"John Vullers (JohnV-Detektive), sowohl f\u00fcr private als auch gesch\u00e4ftliche F\u00e4lle bei Diebstahl, Betrug, Vermissten und mehr.","og_url":"https:\/\/www.johnv-detectives.nl\/diensten\/particulier\/","og_site_name":"John V. Detectives","article_modified_time":"2022-01-06T09:56:36+00:00","twitter_card":"summary_large_image","twitter_misc":{"Gesch\u00e4tzte Lesezeit":"5\u00a0Minuten"},"schema":{"@context":"https:\/\/schema.org","@graph":[{"@type":"WebPage","@id":"https:\/\/www.johnv-detectives.nl\/diensten\/particulier\/","url":"https:\/\/www.johnv-detectives.nl\/diensten\/particulier\/","name":"Leistungen fur Privatkunden - John Vullers prive detective","isPartOf":{"@id":"https:\/\/www.johnv-detectives.nl\/#website"},"datePublished":"2022-01-06T08:46:31+00:00","dateModified":"2022-01-06T09:56:36+00:00","description":"John Vullers (JohnV-Detektive), sowohl f\u00fcr private als auch gesch\u00e4ftliche F\u00e4lle bei Diebstahl, Betrug, Vermissten und mehr.","breadcrumb":{"@id":"https:\/\/www.johnv-detectives.nl\/diensten\/particulier\/#breadcrumb"},"inLanguage":"de","potentialAction":[{"@type":"ReadAction","target":["https:\/\/www.johnv-detectives.nl\/diensten\/particulier\/"]}]},{"@type":"BreadcrumbList","@id":"https:\/\/www.johnv-detectives.nl\/diensten\/particulier\/#breadcrumb","itemListElement":[{"@type":"ListItem","position":1,"name":"Home","item":"https:\/\/www.johnv-detectives.nl\/"},{"@type":"ListItem","position":2,"name":"Leistungen","item":"https:\/\/www.johnv-detectives.nl\/diensten\/"},{"@type":"ListItem","position":3,"name":"Leistungen fur Privatkunden"}]},{"@type":"WebSite","@id":"https:\/\/www.johnv-detectives.nl\/#website","url":"https:\/\/www.johnv-detectives.nl\/","name":"John V. Detectives","description":"Vakkundig en vertrouwd","publisher":{"@id":"https:\/\/www.johnv-detectives.nl\/#organization"},"potentialAction":[{"@type":"SearchAction","target":{"@type":"EntryPoint","urlTemplate":"https:\/\/www.johnv-detectives.nl\/?s={search_term_string}"},"query-input":{"@type":"PropertyValueSpecification","valueRequired":true,"valueName":"search_term_string"}}],"inLanguage":"de"},{"@type":"Organization","@id":"https:\/\/www.johnv-detectives.nl\/#organization","name":"John Vullers Detectives","url":"https:\/\/www.johnv-detectives.nl\/","logo":{"@type":"ImageObject","inLanguage":"de","@id":"https:\/\/www.johnv-detectives.nl\/#\/schema\/logo\/image\/","url":"https:\/\/www.johnv-detectives.nl\/wp-content\/uploads\/2021\/11\/cropped-LOGO-John-V-Detectives-Rond-1.png","contentUrl":"https:\/\/www.johnv-detectives.nl\/wp-content\/uploads\/2021\/11\/cropped-LOGO-John-V-Detectives-Rond-1.png","width":512,"height":512,"caption":"John Vullers Detectives"},"image":{"@id":"https:\/\/www.johnv-detectives.nl\/#\/schema\/logo\/image\/"}}]}},"_links":{"self":[{"href":"https:\/\/www.johnv-detectives.nl\/de\/wp-json\/wp\/v2\/pages\/19719","targetHints":{"allow":["GET"]}}],"collection":[{"href":"https:\/\/www.johnv-detectives.nl\/de\/wp-json\/wp\/v2\/pages"}],"about":[{"href":"https:\/\/www.johnv-detectives.nl\/de\/wp-json\/wp\/v2\/types\/page"}],"author":[{"embeddable":true,"href":"https:\/\/www.johnv-detectives.nl\/de\/wp-json\/wp\/v2\/users\/4"}],"replies":[{"embeddable":true,"href":"https:\/\/www.johnv-detectives.nl\/de\/wp-json\/wp\/v2\/comments?post=19719"}],"version-history":[{"count":0,"href":"https:\/\/www.johnv-detectives.nl\/de\/wp-json\/wp\/v2\/pages\/19719\/revisions"}],"up":[{"embeddable":true,"href":"https:\/\/www.johnv-detectives.nl\/de\/wp-json\/wp\/v2\/pages\/19734"}],"wp:attachment":[{"href":"https:\/\/www.johnv-detectives.nl\/de\/wp-json\/wp\/v2\/media?parent=19719"}],"curies":[{"name":"wp","href":"https:\/\/api.w.org\/{rel}","templated":true}]}}