{"id":19716,"date":"2022-01-06T09:38:45","date_gmt":"2022-01-06T08:38:45","guid":{"rendered":"https:\/\/www.johnv-detectives.nl\/leistungen-fur-geschaftskunden\/"},"modified":"2022-01-06T10:55:02","modified_gmt":"2022-01-06T09:55:02","slug":"leistungen-fur-geschaftskunden","status":"publish","type":"page","link":"https:\/\/www.johnv-detectives.nl\/de\/leistungen\/leistungen-fur-geschaftskunden\/","title":{"rendered":"Leistungen fur Geschaftskunden"},"content":{"rendered":"<div class=\"wpb-content-wrapper\"><p>[vc_row full_width=&#8220;stretch_row&#8220; bg_type=&#8220;image&#8220; parallax_style=&#8220;vcpb-default&#8220; bg_image_new=&#8220;id^16355|url^https:\/\/www.johnv-detectives.nl\/wp-content\/uploads\/2021\/11\/header-zakelijk-concept-5454.jpg|caption^null|alt^null|title^header zakelijk concept 5454|description^null&#8220; enable_overlay=&#8220;enable_overlay_value&#8220; overlay_color=&#8220;rgba(0,0,0,0.4)&#8220; el_class=&#8220;hero-home&#8220;][vc_column][vc_empty_space height=&#8220;8vh&#8220;]<div id=\"ultimate-heading-182369f345b0293ab\" class=\"uvc-heading ult-adjust-bottom-margin ultimate-heading-182369f345b0293ab uvc-9823  uvc-heading-default-font-sizes\" data-hspacer=\"no_spacer\"  data-halign=\"center\" style=\"text-align:center\"><div class=\"uvc-heading-spacer no_spacer\" style=\"top\"><\/div><div class=\"uvc-main-heading ult-responsive\"  data-ultimate-target='.uvc-heading.ultimate-heading-182369f345b0293ab h1'  data-responsive-json-new='{\"font-size\":\"\",\"line-height\":\"\"}' ><h1 style=\"--font-weight:theme;color:#ffffff;\">Leistungen f\u00fcr Gesch\u00e4ftskunden<\/h1><\/div><\/div>[vc_empty_space height=&#8220;8vh&#8220;][vc_row_inner css=&#8220;.vc_custom_1639558133479{padding-top: 25px !important;padding-bottom: 25px !important;background-color: #4f5664 !important;}&#8220; el_class=&#8220;hero-home-ctabox&#8220;][vc_column_inner]<div id=\"ultimate-heading-785669f345b029413\" class=\"uvc-heading ult-adjust-bottom-margin ultimate-heading-785669f345b029413 uvc-7675  uvc-heading-default-font-sizes\" data-hspacer=\"no_spacer\"  data-halign=\"left\" style=\"text-align:left\"><div class=\"uvc-heading-spacer no_spacer\" style=\"top\"><\/div><div class=\"uvc-main-heading ult-responsive\"  data-ultimate-target='.uvc-heading.ultimate-heading-785669f345b029413 h2'  data-responsive-json-new='{\"font-size\":\"\",\"line-height\":\"\"}' ><h2 style=\"--font-weight:theme;color:#ffffff;margin-bottom:10px;\">Einleitung<\/h2><\/div><div class=\"uvc-sub-heading ult-responsive\"  data-ultimate-target='.uvc-heading.ultimate-heading-785669f345b029413 .uvc-sub-heading '  data-responsive-json-new='{\"font-size\":\"\",\"line-height\":\"\"}'  style=\"font-weight:normal;color:#ffffff;\">Viele Unternehmen nehmen unsere Leistungen f\u00fcr Gesch\u00e4ftskunden in Anspruch, da sie die zahlreichen Vorteile erkannt haben, die sich Ihnen bieten, wenn sie eine Privatdetektei einschalten. Wir gehen grunds\u00e4tzlich mit \u00e4u\u00dferster Diskretion vor, um jeglichen Rufschaden f\u00fcr Sie zu vermeiden. Wir gehen mit einem Fall nur nach R\u00fccksprache mit dem Auftraggeber in die \u00d6ffentlichkeit, und selbst dann nur, wenn es der Sache dienlich ist. Sie haben als Kunde immer das letzte Wort, da Sie \u00fcber unser Vorgehen mitentscheiden. Nach M\u00f6glichkeit erl\u00e4utern wir Ihnen die Ermittlungsma\u00dfnahmen vorab ausf\u00fchrlich. Bei dieser Erl\u00e4uterung kommen die Vor- und Nachteile der zu ergreifenden Ma\u00dfnahmen zur Sprache. F\u00fcr uns sind Sie ein wichtiger Kunde und keine Nummer, wie es bei vielen Beh\u00f6rden und anderen Dienstleistern der Fall ist. Wir wollen Ihre Interessen langfristig optimal vertreten, indem wir einerseits energisch und kompetent ermitteln und Sie andererseits umfassend zu den verschiedensten Themen beraten.<\/div><\/div>[\/vc_column_inner][\/vc_row_inner][\/vc_column][\/vc_row][vc_row full_width=&#8220;stretch_row&#8220; equal_height=&#8220;yes&#8220; css=&#8220;.vc_custom_1637330270392{padding-top: 50px !important;background-color: #a7aab1 !important;}&#8220;][vc_column width=&#8220;1\/3&#8243; css=&#8220;.vc_custom_1637328107331{background-image: url(https:\/\/www.johnv-detectives.nl\/wp-content\/uploads\/2021\/11\/foto_john_vullers4.jpg?id=16243) !important;background-position: center !important;background-repeat: no-repeat !important;background-size: cover !important;}&#8220;][vc_empty_space height=&#8220;350&#8243;][\/vc_column][vc_column width=&#8220;2\/3&#8243; css=&#8220;.vc_custom_1639558158465{padding-top: 25px !important;padding-bottom: 25px !important;background-color: #f7f7f7 !important;}&#8220;]<div id=\"ultimate-heading-534869f345b029459\" class=\"uvc-heading ult-adjust-bottom-margin ultimate-heading-534869f345b029459 uvc-6242  uvc-heading-default-font-sizes\" data-hspacer=\"no_spacer\"  data-halign=\"left\" style=\"text-align:left\"><div class=\"uvc-heading-spacer no_spacer\" style=\"top\"><\/div><div class=\"uvc-main-heading ult-responsive\"  data-ultimate-target='.uvc-heading.ultimate-heading-534869f345b029459 h2'  data-responsive-json-new='{\"font-size\":\"\",\"line-height\":\"\"}' ><h2 style=\"--font-weight:theme;margin-bottom:10px;\">Leistungen f\u00fcr Gesch\u00e4ftskunden<\/h2><\/div><\/div>[vc_row_inner][vc_column_inner width=&#8220;1\/2&#8243;]<div class=\"standard-arrow list-divider bullet-top\"><ul>\n<li>Unberechtigtes Fernbleiben vom Arbeitsplatz<\/li>\n<li>\u00dcberpr\u00fcfung neuer Mitarbeiter:innen<\/li>\n<li>Ermittlung zu Regressanspr\u00fcchen<\/li>\n<li>Hintergrundcheck von Personen\/Unternehmen\/Organisationen<\/li>\n<li>Untersuchung und Beurteilung von (Straf-)Akten<\/li>\n<li>Ermittlung zu Erpressung\/N\u00f6tigung<\/li>\n<li>Konfrontationsgespr\u00e4che in Form von Verh\u00f6ren\/Interviews<\/li>\n<\/ul>\n<\/div>[\/vc_column_inner][vc_column_inner width=&#8220;1\/2&#8243;]<div class=\"standard-arrow list-divider bullet-top\"><ul>\n<li>Ermittlung in Diebstahl-\/Schwindel-\/Betrugssachen<\/li>\n<li>Wettbewerbsklausel<\/li>\n<li>Pr\u00e4sentationen\/Aufkl\u00e4rung<\/li>\n<li>Untersuchung von F\u00e4lschungen\/Falsifikaten<\/li>\n<li>Sonstige privatdetektivische Leistungen<\/li>\n<li>Fahndung nach (vermissten) Personen<\/li>\n<li>Forensisch-taktische Untersuchung digitaler Datentr\u00e4ger<\/li>\n<li>Internetrecherche<\/li>\n<\/ul>\n<\/div>[\/vc_column_inner][\/vc_row_inner][\/vc_column][\/vc_row][vc_row full_width=&#8220;stretch_row&#8220; equal_height=&#8220;yes&#8220; content_placement=&#8220;middle&#8220; bg_type=&#8220;bg_color&#8220; css=&#8220;.vc_custom_1639063984946{padding-top: 50px !important;padding-bottom: 50px !important;}&#8220; bg_color_value=&#8220;#a7aab1&#8243; el_class=&#8220;reverse-row-on-mobile&#8220;][vc_column width=&#8220;1\/3&#8243; css=&#8220;.vc_custom_1637828845585{background-color: #ffffff !important;background-position: center !important;background-repeat: no-repeat !important;background-size: cover !important;}&#8220;][vc_row_inner equal_height=&#8220;yes&#8220; content_placement=&#8220;middle&#8220; gap=&#8220;10&#8243;][vc_column_inner css=&#8220;.vc_custom_1639558198031{padding-top: 25px !important;padding-bottom: 25px !important;}&#8220;]<div id=\"ultimate-heading-688669f345b02956e\" class=\"uvc-heading ult-adjust-bottom-margin ultimate-heading-688669f345b02956e uvc-1290 \" data-hspacer=\"no_spacer\"  data-halign=\"left\" style=\"text-align:left\"><div class=\"uvc-heading-spacer no_spacer\" style=\"top\"><\/div><div class=\"uvc-main-heading ult-responsive\"  data-ultimate-target='.uvc-heading.ultimate-heading-688669f345b02956e h2'  data-responsive-json-new='{\"font-size\":\"\",\"line-height\":\"desktop:35px;\"}' ><h2 style=\"--font-weight:theme;margin-bottom:10px;\">Unse andere leistungen<\/h2><\/div><\/div>[vc_raw_html]PGgzPjxhIGhyZWY9Ii9kZS9sZWlzdHVuZ2VuL2xlaXN0dW5nZW4tZnVyLWdlc2NoYWZ0c2t1bmRlbiI+TGVpc3R1bmdlbiBmw7xyIEdlc2Now6RmdHNrdW5kZW48L2E+PC9oMz4=[\/vc_raw_html][vc_separator color=&#8220;custom&#8220; align=&#8220;align_left&#8220; el_width=&#8220;40&#8243; css=&#8220;.vc_custom_1637828907187{padding-bottom: 20px !important;}&#8220; accent_color=&#8220;#b17f4c&#8220;][vc_raw_html]PGgzPjxhIGhyZWY9Ii9kZS9sZWlzdHVuZ2VuL2xlaXN0dW5nZW4tZnVyLWFud2FsdHNrYW56bGVpZW4iPkxlaXN0dW5nZW4gZsO8ciBBbndhbHRza2FuemxlaWVuPC9hPjwvaDM+[\/vc_raw_html][vc_separator color=&#8220;custom&#8220; align=&#8220;align_left&#8220; el_width=&#8220;40&#8243; css=&#8220;.vc_custom_1637828907187{padding-bottom: 20px !important;}&#8220; accent_color=&#8220;#b17f4c&#8220;][vc_raw_html]PGgzPjxhIGhyZWY9Ii9kZS9sZWlzdHVuZ2VuL2xlaXN0dW5nZW4tZnVyLXByaXZhdGt1bmRlbiI+TGVpc3R1bmdlbiBmw7xyIFByaXZhdGt1bmRlbjwvYT48L2gzPg==[\/vc_raw_html][vc_separator color=&#8220;custom&#8220; align=&#8220;align_left&#8220; el_width=&#8220;40&#8243; css=&#8220;.vc_custom_1637828907187{padding-bottom: 20px !important;}&#8220; accent_color=&#8220;#b17f4c&#8220;][vc_raw_html]PGgzPjxhIGhyZWY9Ii9kZS9sZWlzdHVuZ2VuLWlua2Fzc28iPklua2Fzc288L2E+PC9oMz4=[\/vc_raw_html][\/vc_column_inner][\/vc_row_inner][\/vc_column][vc_column width=&#8220;2\/3&#8243; css=&#8220;.vc_custom_1639558170340{padding-top: 25px !important;padding-bottom: 25px !important;background-color: #4f5664 !important;background-position: center !important;background-repeat: no-repeat !important;background-size: cover !important;}&#8220;]<div id=\"ultimate-heading-565269f345b0295af\" class=\"uvc-heading ult-adjust-bottom-margin ultimate-heading-565269f345b0295af uvc-4632  uvc-heading-default-font-sizes\" data-hspacer=\"no_spacer\"  data-halign=\"left\" style=\"text-align:left\"><div class=\"uvc-heading-spacer no_spacer\" style=\"top\"><\/div><div class=\"uvc-main-heading ult-responsive\"  data-ultimate-target='.uvc-heading.ultimate-heading-565269f345b0295af h2'  data-responsive-json-new='{\"font-size\":\"\",\"line-height\":\"\"}' ><h2 style=\"--font-weight:theme;color:#ffffff;margin-bottom:10px;\">Was kann ich f\u00fcr Sie tun?<\/h2><\/div><\/div>[vc_column_text]<br \/>\n<span style=\"color: #ffffff;\">Bei einem unverbindlichen Aufnahmegespr\u00e4ch erstellen wir gemeinsam mit Ihnen, dem Unternehmen, eine Problemanalyse, um das Problem zu ermitteln, mit dem Sie konfrontiert sind. Auf der Grundlage legen wir gemeinsam mit Ihnen ein Ziel fest. Auch f\u00fcr uns ist es wichtig zu wissen, wann f\u00fcr Sie die Angelegenheit abgeschlossen ist. Wenn Sie das w\u00fcnschen oder die Komplexit\u00e4t des Falls dies erfordert, k\u00f6nnen wir au\u00dferdem einen Vorgehensplan erstellen, um Ihnen eine deutliche \u00dcbersicht \u00fcber die getroffenen Vereinbarungen zu bieten. Oft ist das einzige Ergebnis eines solchen Aufnahmegespr\u00e4chs eine Empfehlung. F\u00fcr ein Aufnahmegespr\u00e4ch fallen keine Kosten an.<\/span><br \/>\n[\/vc_column_text][vc_empty_space height=&#8220;20&#8243;]<a href=\"\/de\/kontakt\/\" class=\"btn-shortcode dt-btn-s dt-btn default-btn-color default-btn-hover-color default-btn-bg-color default-btn-bg-hover-color\" id=\"dt-btn-1\"><span>Kontaktiere uns<\/span><\/a>[\/vc_column][\/vc_row][vc_row full_width=&#8220;stretch_row&#8220; gap=&#8220;10&#8243; equal_height=&#8220;yes&#8220; content_placement=&#8220;middle&#8220; bg_type=&#8220;image&#8220; parallax_style=&#8220;vcpb-default&#8220; bg_image_new=&#8220;id^16343|url^https:\/\/www.johnv-detectives.nl\/wp-content\/uploads\/2021\/11\/wazig-john-vullers-tipinfo.jpg|caption^null|alt^null|title^wazig john vullers tipinfo|description^null&#8220; enable_overlay=&#8220;enable_overlay_value&#8220; overlay_color=&#8220;rgba(0,0,0,0.6)&#8220; css=&#8220;.vc_custom_1637591231267{padding-top: 5vh !important;padding-bottom: 5vh !important;}&#8220; el_class=&#8220;bg-half-right&#8220;][vc_column width=&#8220;2\/3&#8243; css=&#8220;.vc_custom_1637327918951{background-position: center !important;background-repeat: no-repeat !important;background-size: cover !important;}&#8220;]<div id=\"ultimate-heading-662769f345b029638\" class=\"uvc-heading ult-adjust-bottom-margin ultimate-heading-662769f345b029638 uvc-9838  uvc-heading-default-font-sizes\" data-hspacer=\"no_spacer\"  data-halign=\"left\" style=\"text-align:left\"><div class=\"uvc-heading-spacer no_spacer\" style=\"top\"><\/div><div class=\"uvc-main-heading ult-responsive\"  data-ultimate-target='.uvc-heading.ultimate-heading-662769f345b029638 h2'  data-responsive-json-new='{\"font-size\":\"\",\"line-height\":\"\"}' ><h2 style=\"--font-weight:theme;color:#ffffff;margin-bottom:10px;\">Haben Sie Tipps oder Informationen?<\/h2><\/div><div class=\"uvc-sub-heading ult-responsive\"  data-ultimate-target='.uvc-heading.ultimate-heading-662769f345b029638 .uvc-sub-heading '  data-responsive-json-new='{\"font-size\":\"\",\"line-height\":\"\"}'  style=\"font-weight:normal;color:#ffffff;\">Haben Sie eventuell Tipps oder Informationen zu einem bestimmten Fall? Dann k\u00f6nnen Sie jederzeit telefonisch oder per E-Mail Kontakt zu uns aufnehmen.<\/div><\/div>[\/vc_column][vc_column width=&#8220;1\/3&#8243;]<a href=\"\/de\/kontakt\/\" class=\"btn-shortcode dt-btn-m dt-btn default-btn-color default-btn-hover-color default-btn-bg-color default-btn-bg-hover-color\" id=\"dt-btn-2\"><span>Kontaktiere uns<\/span><\/a>[\/vc_column][\/vc_row]<\/p>\n<\/div>","protected":false},"excerpt":{"rendered":"<p>[vc_row full_width=&#8220;stretch_row&#8220; bg_type=&#8220;image&#8220; parallax_style=&#8220;vcpb-default&#8220; bg_image_new=&#8220;id^16355|url^https:\/\/www.johnv-detectives.nl\/wp-content\/uploads\/2021\/11\/header-zakelijk-concept-5454.jpg|caption^null|alt^null|title^header zakelijk concept 5454|description^null&#8220; enable_overlay=&#8220;enable_overlay_value&#8220; overlay_color=&#8220;rgba(0,0,0,0.4)&#8220; el_class=&#8220;hero-home&#8220;][vc_column][vc_empty_space height=&#8220;8vh&#8220;][vc_empty_space height=&#8220;8vh&#8220;][vc_row_inner css=&#8220;.vc_custom_1639558133479{padding-top: 25px !important;padding-bottom: 25px !important;background-color: #4f5664 !important;}&#8220; el_class=&#8220;hero-home-ctabox&#8220;][vc_column_inner][\/vc_column_inner][\/vc_row_inner][\/vc_column][\/vc_row][vc_row full_width=&#8220;stretch_row&#8220; equal_height=&#8220;yes&#8220; css=&#8220;.vc_custom_1637330270392{padding-top: 50px !important;background-color: #a7aab1 !important;}&#8220;][vc_column width=&#8220;1\/3&#8243; css=&#8220;.vc_custom_1637328107331{background-image: url(https:\/\/www.johnv-detectives.nl\/wp-content\/uploads\/2021\/11\/foto_john_vullers4.jpg?id=16243) !important;background-position: center !important;background-repeat: no-repeat !important;background-size: cover !important;}&#8220;][vc_empty_space height=&#8220;350&#8243;][\/vc_column][vc_column width=&#8220;2\/3&#8243; css=&#8220;.vc_custom_1639558158465{padding-top: 25px !important;padding-bottom: 25px !important;background-color: #f7f7f7 !important;}&#8220;][vc_row_inner][vc_column_inner width=&#8220;1\/2&#8243;][\/vc_column_inner][vc_column_inner width=&#8220;1\/2&#8243;][\/vc_column_inner][\/vc_row_inner][\/vc_column][\/vc_row][vc_row full_width=&#8220;stretch_row&#8220; equal_height=&#8220;yes&#8220; content_placement=&#8220;middle&#8220; bg_type=&#8220;bg_color&#8220; css=&#8220;.vc_custom_1639063984946{padding-top: 50px&hellip;<\/p>\n","protected":false},"author":4,"featured_media":0,"parent":19734,"menu_order":0,"comment_status":"closed","ping_status":"closed","template":"","meta":{"footnotes":""},"class_list":["post-19716","page","type-page","status-publish","hentry","description-off"],"yoast_head":"<!-- This site is optimized with the Yoast SEO plugin v24.1 - https:\/\/yoast.com\/wordpress\/plugins\/seo\/ -->\n<title>Leistungen fur Geschaftskunden - John Vullers prive detective<\/title>\n<meta name=\"description\" content=\"John Vullers (JohnV-Detektive), sowohl f\u00fcr Einzelpersonen als auch f\u00fcr eine gesch\u00e4ftliche Ermittlung in Diebstahl, Betrug, Vermissten und mehr.\" \/>\n<meta name=\"robots\" content=\"index, follow, max-snippet:-1, max-image-preview:large, max-video-preview:-1\" \/>\n<link rel=\"canonical\" href=\"https:\/\/www.johnv-detectives.nl\/diensten\/zakelijk\/\" \/>\n<meta property=\"og:locale\" content=\"de_DE\" \/>\n<meta property=\"og:type\" content=\"article\" \/>\n<meta property=\"og:title\" content=\"Leistungen fur Geschaftskunden - John Vullers prive detective\" \/>\n<meta property=\"og:description\" content=\"John Vullers (JohnV-Detektive), sowohl f\u00fcr Einzelpersonen als auch f\u00fcr eine gesch\u00e4ftliche Ermittlung in Diebstahl, Betrug, Vermissten und mehr.\" \/>\n<meta property=\"og:url\" content=\"https:\/\/www.johnv-detectives.nl\/diensten\/zakelijk\/\" \/>\n<meta property=\"og:site_name\" content=\"John V. Detectives\" \/>\n<meta property=\"article:modified_time\" content=\"2022-01-06T09:55:02+00:00\" \/>\n<meta name=\"twitter:card\" content=\"summary_large_image\" \/>\n<meta name=\"twitter:label1\" content=\"Gesch\u00e4tzte Lesezeit\" \/>\n\t<meta name=\"twitter:data1\" content=\"5\u00a0Minuten\" \/>\n<script type=\"application\/ld+json\" class=\"yoast-schema-graph\">{\"@context\":\"https:\/\/schema.org\",\"@graph\":[{\"@type\":\"WebPage\",\"@id\":\"https:\/\/www.johnv-detectives.nl\/diensten\/zakelijk\/\",\"url\":\"https:\/\/www.johnv-detectives.nl\/diensten\/zakelijk\/\",\"name\":\"Leistungen fur Geschaftskunden - John Vullers prive detective\",\"isPartOf\":{\"@id\":\"https:\/\/www.johnv-detectives.nl\/#website\"},\"datePublished\":\"2022-01-06T08:38:45+00:00\",\"dateModified\":\"2022-01-06T09:55:02+00:00\",\"description\":\"John Vullers (JohnV-Detektive), sowohl f\u00fcr Einzelpersonen als auch f\u00fcr eine gesch\u00e4ftliche Ermittlung in Diebstahl, Betrug, Vermissten und mehr.\",\"breadcrumb\":{\"@id\":\"https:\/\/www.johnv-detectives.nl\/diensten\/zakelijk\/#breadcrumb\"},\"inLanguage\":\"de\",\"potentialAction\":[{\"@type\":\"ReadAction\",\"target\":[\"https:\/\/www.johnv-detectives.nl\/diensten\/zakelijk\/\"]}]},{\"@type\":\"BreadcrumbList\",\"@id\":\"https:\/\/www.johnv-detectives.nl\/diensten\/zakelijk\/#breadcrumb\",\"itemListElement\":[{\"@type\":\"ListItem\",\"position\":1,\"name\":\"Home\",\"item\":\"https:\/\/www.johnv-detectives.nl\/\"},{\"@type\":\"ListItem\",\"position\":2,\"name\":\"Leistungen\",\"item\":\"https:\/\/www.johnv-detectives.nl\/diensten\/\"},{\"@type\":\"ListItem\",\"position\":3,\"name\":\"Leistungen fur Geschaftskunden\"}]},{\"@type\":\"WebSite\",\"@id\":\"https:\/\/www.johnv-detectives.nl\/#website\",\"url\":\"https:\/\/www.johnv-detectives.nl\/\",\"name\":\"John V. Detectives\",\"description\":\"Vakkundig en vertrouwd\",\"publisher\":{\"@id\":\"https:\/\/www.johnv-detectives.nl\/#organization\"},\"potentialAction\":[{\"@type\":\"SearchAction\",\"target\":{\"@type\":\"EntryPoint\",\"urlTemplate\":\"https:\/\/www.johnv-detectives.nl\/?s={search_term_string}\"},\"query-input\":{\"@type\":\"PropertyValueSpecification\",\"valueRequired\":true,\"valueName\":\"search_term_string\"}}],\"inLanguage\":\"de\"},{\"@type\":\"Organization\",\"@id\":\"https:\/\/www.johnv-detectives.nl\/#organization\",\"name\":\"John Vullers Detectives\",\"url\":\"https:\/\/www.johnv-detectives.nl\/\",\"logo\":{\"@type\":\"ImageObject\",\"inLanguage\":\"de\",\"@id\":\"https:\/\/www.johnv-detectives.nl\/#\/schema\/logo\/image\/\",\"url\":\"https:\/\/www.johnv-detectives.nl\/wp-content\/uploads\/2021\/11\/cropped-LOGO-John-V-Detectives-Rond-1.png\",\"contentUrl\":\"https:\/\/www.johnv-detectives.nl\/wp-content\/uploads\/2021\/11\/cropped-LOGO-John-V-Detectives-Rond-1.png\",\"width\":512,\"height\":512,\"caption\":\"John Vullers Detectives\"},\"image\":{\"@id\":\"https:\/\/www.johnv-detectives.nl\/#\/schema\/logo\/image\/\"}}]}<\/script>\n<!-- \/ Yoast SEO plugin. -->","yoast_head_json":{"title":"Leistungen fur Geschaftskunden - John Vullers prive detective","description":"John Vullers (JohnV-Detektive), sowohl f\u00fcr Einzelpersonen als auch f\u00fcr eine gesch\u00e4ftliche Ermittlung in Diebstahl, Betrug, Vermissten und mehr.","robots":{"index":"index","follow":"follow","max-snippet":"max-snippet:-1","max-image-preview":"max-image-preview:large","max-video-preview":"max-video-preview:-1"},"canonical":"https:\/\/www.johnv-detectives.nl\/diensten\/zakelijk\/","og_locale":"de_DE","og_type":"article","og_title":"Leistungen fur Geschaftskunden - John Vullers prive detective","og_description":"John Vullers (JohnV-Detektive), sowohl f\u00fcr Einzelpersonen als auch f\u00fcr eine gesch\u00e4ftliche Ermittlung in Diebstahl, Betrug, Vermissten und mehr.","og_url":"https:\/\/www.johnv-detectives.nl\/diensten\/zakelijk\/","og_site_name":"John V. Detectives","article_modified_time":"2022-01-06T09:55:02+00:00","twitter_card":"summary_large_image","twitter_misc":{"Gesch\u00e4tzte Lesezeit":"5\u00a0Minuten"},"schema":{"@context":"https:\/\/schema.org","@graph":[{"@type":"WebPage","@id":"https:\/\/www.johnv-detectives.nl\/diensten\/zakelijk\/","url":"https:\/\/www.johnv-detectives.nl\/diensten\/zakelijk\/","name":"Leistungen fur Geschaftskunden - John Vullers prive detective","isPartOf":{"@id":"https:\/\/www.johnv-detectives.nl\/#website"},"datePublished":"2022-01-06T08:38:45+00:00","dateModified":"2022-01-06T09:55:02+00:00","description":"John Vullers (JohnV-Detektive), sowohl f\u00fcr Einzelpersonen als auch f\u00fcr eine gesch\u00e4ftliche Ermittlung in Diebstahl, Betrug, Vermissten und mehr.","breadcrumb":{"@id":"https:\/\/www.johnv-detectives.nl\/diensten\/zakelijk\/#breadcrumb"},"inLanguage":"de","potentialAction":[{"@type":"ReadAction","target":["https:\/\/www.johnv-detectives.nl\/diensten\/zakelijk\/"]}]},{"@type":"BreadcrumbList","@id":"https:\/\/www.johnv-detectives.nl\/diensten\/zakelijk\/#breadcrumb","itemListElement":[{"@type":"ListItem","position":1,"name":"Home","item":"https:\/\/www.johnv-detectives.nl\/"},{"@type":"ListItem","position":2,"name":"Leistungen","item":"https:\/\/www.johnv-detectives.nl\/diensten\/"},{"@type":"ListItem","position":3,"name":"Leistungen fur Geschaftskunden"}]},{"@type":"WebSite","@id":"https:\/\/www.johnv-detectives.nl\/#website","url":"https:\/\/www.johnv-detectives.nl\/","name":"John V. Detectives","description":"Vakkundig en vertrouwd","publisher":{"@id":"https:\/\/www.johnv-detectives.nl\/#organization"},"potentialAction":[{"@type":"SearchAction","target":{"@type":"EntryPoint","urlTemplate":"https:\/\/www.johnv-detectives.nl\/?s={search_term_string}"},"query-input":{"@type":"PropertyValueSpecification","valueRequired":true,"valueName":"search_term_string"}}],"inLanguage":"de"},{"@type":"Organization","@id":"https:\/\/www.johnv-detectives.nl\/#organization","name":"John Vullers Detectives","url":"https:\/\/www.johnv-detectives.nl\/","logo":{"@type":"ImageObject","inLanguage":"de","@id":"https:\/\/www.johnv-detectives.nl\/#\/schema\/logo\/image\/","url":"https:\/\/www.johnv-detectives.nl\/wp-content\/uploads\/2021\/11\/cropped-LOGO-John-V-Detectives-Rond-1.png","contentUrl":"https:\/\/www.johnv-detectives.nl\/wp-content\/uploads\/2021\/11\/cropped-LOGO-John-V-Detectives-Rond-1.png","width":512,"height":512,"caption":"John Vullers Detectives"},"image":{"@id":"https:\/\/www.johnv-detectives.nl\/#\/schema\/logo\/image\/"}}]}},"_links":{"self":[{"href":"https:\/\/www.johnv-detectives.nl\/de\/wp-json\/wp\/v2\/pages\/19716","targetHints":{"allow":["GET"]}}],"collection":[{"href":"https:\/\/www.johnv-detectives.nl\/de\/wp-json\/wp\/v2\/pages"}],"about":[{"href":"https:\/\/www.johnv-detectives.nl\/de\/wp-json\/wp\/v2\/types\/page"}],"author":[{"embeddable":true,"href":"https:\/\/www.johnv-detectives.nl\/de\/wp-json\/wp\/v2\/users\/4"}],"replies":[{"embeddable":true,"href":"https:\/\/www.johnv-detectives.nl\/de\/wp-json\/wp\/v2\/comments?post=19716"}],"version-history":[{"count":0,"href":"https:\/\/www.johnv-detectives.nl\/de\/wp-json\/wp\/v2\/pages\/19716\/revisions"}],"up":[{"embeddable":true,"href":"https:\/\/www.johnv-detectives.nl\/de\/wp-json\/wp\/v2\/pages\/19734"}],"wp:attachment":[{"href":"https:\/\/www.johnv-detectives.nl\/de\/wp-json\/wp\/v2\/media?parent=19716"}],"curies":[{"name":"wp","href":"https:\/\/api.w.org\/{rel}","templated":true}]}}