{"id":19705,"date":"2022-01-06T09:24:56","date_gmt":"2022-01-06T08:24:56","guid":{"rendered":"https:\/\/www.johnv-detectives.nl\/leistungen-fuer-anwaltskanzleien\/"},"modified":"2022-01-06T18:10:44","modified_gmt":"2022-01-06T17:10:44","slug":"leistungen-fur-anwaltskanzleien","status":"publish","type":"page","link":"https:\/\/www.johnv-detectives.nl\/de\/leistungen\/leistungen-fur-anwaltskanzleien\/","title":{"rendered":"Leistungen f\u00fcr Anwaltskanzleien"},"content":{"rendered":"<div class=\"wpb-content-wrapper\"><p>[vc_row full_width=&#8220;stretch_row&#8220; bg_type=&#8220;image&#8220; parallax_style=&#8220;vcpb-default&#8220; bg_image_new=&#8220;id^17924|url^https:\/\/www.johnv-detectives.nl\/wp-content\/uploads\/2021\/12\/header-contact-09.jpg|caption^null|alt^null|title^header contact-09|description^null&#8220; enable_overlay=&#8220;enable_overlay_value&#8220; overlay_color=&#8220;rgba(0,0,0,0.4)&#8220; el_class=&#8220;hero-home&#8220;][vc_column][vc_empty_space height=&#8220;8vh&#8220;]<div id=\"ultimate-heading-893569e75665896fb\" class=\"uvc-heading ult-adjust-bottom-margin ultimate-heading-893569e75665896fb uvc-641  uvc-heading-default-font-sizes\" data-hspacer=\"no_spacer\"  data-halign=\"center\" style=\"text-align:center\"><div class=\"uvc-heading-spacer no_spacer\" style=\"top\"><\/div><div class=\"uvc-main-heading ult-responsive\"  data-ultimate-target='.uvc-heading.ultimate-heading-893569e75665896fb h1'  data-responsive-json-new='{\"font-size\":\"\",\"line-height\":\"\"}' ><h1 style=\"--font-weight:theme;color:#ffffff;\">Leistungen f\u00fcr Anwaltskanzleien<\/h1><\/div><\/div>[vc_empty_space height=&#8220;8vh&#8220;][vc_row_inner css=&#8220;.vc_custom_1639558232213{padding-top: 25px !important;padding-bottom: 25px !important;background-color: #4f5664 !important;}&#8220; el_class=&#8220;hero-home-ctabox&#8220;][vc_column_inner]<div id=\"ultimate-heading-698869e7566589762\" class=\"uvc-heading ult-adjust-bottom-margin ultimate-heading-698869e7566589762 uvc-8419  uvc-heading-default-font-sizes\" data-hspacer=\"no_spacer\"  data-halign=\"left\" style=\"text-align:left\"><div class=\"uvc-heading-spacer no_spacer\" style=\"top\"><\/div><div class=\"uvc-main-heading ult-responsive\"  data-ultimate-target='.uvc-heading.ultimate-heading-698869e7566589762 h2'  data-responsive-json-new='{\"font-size\":\"\",\"line-height\":\"\"}' ><h2 style=\"--font-weight:theme;color:#ffffff;margin-bottom:10px;\">Einleitung<\/h2><\/div><div class=\"uvc-sub-heading ult-responsive\"  data-ultimate-target='.uvc-heading.ultimate-heading-698869e7566589762 .uvc-sub-heading '  data-responsive-json-new='{\"font-size\":\"\",\"line-height\":\"\"}'  style=\"font-weight:normal;color:#ffffff;\">Auch Anwaltskanzleien erkennen zunehmend den Mehrwert, der sich ihnen bietet, wenn sie eine Privatdetektei einschalten. W\u00e4hrend Anw\u00e4lt:innen in der Regel vor allem B\u00fcroarbeit verrichten, k\u00fcmmern wir uns als Privatdetektei vor allem um praktische Angelegenheiten, die so genannte \u201eFeldarbeit\u201c in Form von Ermittlungen, die zur Beweiserfassung dienen. Wir halten unsere T\u00e4tigkeiten in verst\u00e4ndlichen Berichten fest, die auf Wunsch auch in Rechtssachen verwendet werden k\u00f6nnen.<\/div><\/div>[\/vc_column_inner][\/vc_row_inner][\/vc_column][\/vc_row][vc_row full_width=&#8220;stretch_row&#8220; equal_height=&#8220;yes&#8220; css=&#8220;.vc_custom_1637330270392{padding-top: 50px !important;background-color: #a7aab1 !important;}&#8220;][vc_column width=&#8220;2\/3&#8243; css=&#8220;.vc_custom_1639558245010{padding-top: 25px !important;padding-bottom: 25px !important;background-color: #f7f7f7 !important;}&#8220;]<div id=\"ultimate-heading-794269e75665897a6\" class=\"uvc-heading ult-adjust-bottom-margin ultimate-heading-794269e75665897a6 uvc-2712  uvc-heading-default-font-sizes\" data-hspacer=\"no_spacer\"  data-halign=\"left\" style=\"text-align:left\"><div class=\"uvc-heading-spacer no_spacer\" style=\"top\"><\/div><div class=\"uvc-main-heading ult-responsive\"  data-ultimate-target='.uvc-heading.ultimate-heading-794269e75665897a6 h2'  data-responsive-json-new='{\"font-size\":\"\",\"line-height\":\"\"}' ><h2 style=\"--font-weight:theme;margin-bottom:10px;\">Leistungen f\u00fcr Anwaltskanzleien<\/h2><\/div><\/div>[vc_row_inner][vc_column_inner width=&#8220;1\/2&#8243;]<div class=\"standard-arrow list-divider bullet-top\"><ul>\n<li>Fahndung nach (vermissten) Personen<\/li>\n<li>Ermittlung zu Zeugen<\/li>\n<li>\u00dcberpr\u00fcfung neuer Mitarbeiter:innen<\/li>\n<li>Ermittlung zu Regressanspr\u00fcchen<\/li>\n<li>Hintergrundcheck von Personen\/Unternehmen\/Organisationen<\/li>\n<li>Untersuchung und Beurteilung von (Straf-)Akten<\/li>\n<li>Ermittlung zu Erpressung\/N\u00f6tigung<\/li>\n<\/ul>\n<\/div>[\/vc_column_inner][vc_column_inner width=&#8220;1\/2&#8243;]<div class=\"standard-arrow list-divider bullet-top\"><ul>\n<li>Konfrontationsgespr\u00e4che in Form von Verh\u00f6ren\/Interviews<\/li>\n<li>Ermittlung in Diebstahl-\/Schwindel-\/Betrugssachen<\/li>\n<li>Pr\u00e4sentationen\/Aufkl\u00e4rung<\/li>\n<li>Untersuchung von F\u00e4lschungen\/Falsifikaten<\/li>\n<li>Forensisch-taktische Untersuchung digitaler Datentr\u00e4ger<\/li>\n<li>Internetrecherche<\/li>\n<li>Unternehmensspionage<\/li>\n<li>Sonstige privatdetektivische Leistungen<\/li>\n<\/ul>\n<\/div>[\/vc_column_inner][\/vc_row_inner][\/vc_column][vc_column width=&#8220;1\/3&#8243; css=&#8220;.vc_custom_1639057415598{background-image: url(https:\/\/www.johnv-detectives.nl\/wp-content\/uploads\/2021\/12\/foto_john_vullers.jpg?id=17928) !important;background-position: center !important;background-repeat: no-repeat !important;background-size: cover !important;}&#8220;][vc_empty_space height=&#8220;350&#8243;][\/vc_column][\/vc_row][vc_row full_width=&#8220;stretch_row&#8220; equal_height=&#8220;yes&#8220; content_placement=&#8220;middle&#8220; bg_type=&#8220;bg_color&#8220; css=&#8220;.vc_custom_1637331459169{padding-top: 50px !important;padding-bottom: 50px !important;}&#8220; bg_color_value=&#8220;#a7aab1&#8243;][vc_column width=&#8220;2\/3&#8243; css=&#8220;.vc_custom_1639558255070{padding-top: 25px !important;padding-bottom: 25px !important;background-color: #4f5664 !important;background-position: center !important;background-repeat: no-repeat !important;background-size: cover !important;}&#8220;]<div id=\"ultimate-heading-29969e75665898c1\" class=\"uvc-heading ult-adjust-bottom-margin ultimate-heading-29969e75665898c1 uvc-3228  uvc-heading-default-font-sizes\" data-hspacer=\"no_spacer\"  data-halign=\"left\" style=\"text-align:left\"><div class=\"uvc-heading-spacer no_spacer\" style=\"top\"><\/div><div class=\"uvc-main-heading ult-responsive\"  data-ultimate-target='.uvc-heading.ultimate-heading-29969e75665898c1 h2'  data-responsive-json-new='{\"font-size\":\"\",\"line-height\":\"\"}' ><h2 style=\"--font-weight:theme;color:#ffffff;margin-bottom:10px;\">Was kann ich f\u00fcr Sie tun?<\/h2><\/div><\/div>[vc_column_text]<span style=\"color: #ffffff;\">Anw\u00e4ltinnen werden in der Regel in Gerichtsverfahren t\u00e4tig. Innerhalb dieses rechtlichen Rahmens sind wir als Privatdetektei t\u00e4tig, die die ben\u00f6tigten Beweismaterialien ermittelt, auf die es ankommt, wenn Sie sich zwischen der Einleitung eines Gerichtsverfahrens oder dem Abschluss eines Feststellungsvertrags entscheiden m\u00fcssen. Wenn wir im Vorfeld gemeinsam festlegen, was in einem bestimmten Fall noch fehlt, k\u00f6nnen wir noch effizienter vorgehen. Zielorientiertes Vorgehen sorgt f\u00fcr Zeitersparnis und verbessert die Chance, dass das gew\u00fcnschte Ergebnis erzielt wird.<\/span>[\/vc_column_text][vc_empty_space height=&#8220;20&#8243;]<a href=\"\/de\/kontakt\/\" class=\"btn-shortcode dt-btn-s dt-btn default-btn-color default-btn-hover-color default-btn-bg-color default-btn-bg-hover-color\" id=\"dt-btn-1\"><span>Kontaktiere uns<\/span><\/a>[\/vc_column][vc_column width=&#8220;1\/3&#8243; css=&#8220;.vc_custom_1637828845585{background-color: #ffffff !important;background-position: center !important;background-repeat: no-repeat !important;background-size: cover !important;}&#8220;][vc_row_inner equal_height=&#8220;yes&#8220; content_placement=&#8220;middle&#8220; gap=&#8220;10&#8243;][vc_column_inner css=&#8220;.vc_custom_1639558273172{padding-top: 25px !important;padding-bottom: 25px !important;}&#8220;]<div id=\"ultimate-heading-969e7566589951\" class=\"uvc-heading ult-adjust-bottom-margin ultimate-heading-969e7566589951 uvc-7718 \" data-hspacer=\"no_spacer\"  data-halign=\"left\" style=\"text-align:left\"><div class=\"uvc-heading-spacer no_spacer\" style=\"top\"><\/div><div class=\"uvc-main-heading ult-responsive\"  data-ultimate-target='.uvc-heading.ultimate-heading-969e7566589951 h2'  data-responsive-json-new='{\"font-size\":\"\",\"line-height\":\"desktop:35px;\"}' ><h2 style=\"--font-weight:theme;margin-bottom:10px;\">Unse andere leistungen<\/h2><\/div><\/div>[vc_raw_html]PGgzPjxhIGhyZWY9Ii9kZS9sZWlzdHVuZ2VuL2xlaXN0dW5nZW4tZnVyLWFud2FsdHNrYW56bGVpZW4iPkxlaXN0dW5nZW4gZsO8ciBBbndhbHRza2FuemxlaWVuIDwvYT48L2gzPg==[\/vc_raw_html][vc_separator color=&#8220;custom&#8220; align=&#8220;align_left&#8220; el_width=&#8220;40&#8243; css=&#8220;.vc_custom_1637828907187{padding-bottom: 20px !important;}&#8220; accent_color=&#8220;#b17f4c&#8220;][vc_raw_html]PGgzPjxhIGhyZWY9Ii9kZS9sZWlzdHVuZ2VuL2xlaXN0dW5nZW4tZnVyLWdlc2NoYWZ0c2t1bmRlbiI+TGVpc3R1bmdlbiBmw7xyIEdlc2Now6RmdHNrdW5kZW48L2E+PC9oMz4=[\/vc_raw_html][vc_separator color=&#8220;custom&#8220; align=&#8220;align_left&#8220; el_width=&#8220;40&#8243; css=&#8220;.vc_custom_1637828907187{padding-bottom: 20px !important;}&#8220; accent_color=&#8220;#b17f4c&#8220;][vc_raw_html]PGgzPjxhIGhyZWY9Ii9kZS9sZWlzdHVuZ2VuL2xlaXN0dW5nZW4tZnVyLXByaXZhdGt1bmRlbiI+TGVpc3R1bmdlbiBmw7xyIFByaXZhdGt1bmRlbjwvYT48L2gzPg==[\/vc_raw_html][vc_separator color=&#8220;custom&#8220; align=&#8220;align_left&#8220; el_width=&#8220;40&#8243; css=&#8220;.vc_custom_1637828907187{padding-bottom: 20px !important;}&#8220; accent_color=&#8220;#b17f4c&#8220;][vc_raw_html]PGgzPjxhIGhyZWY9Ii9kZS9sZWlzdHVuZ2VuLWlua2Fzc28vIj5Jbmthc3NvPC9hPjwvaDM+[\/vc_raw_html][\/vc_column_inner][\/vc_row_inner][\/vc_column][\/vc_row][vc_row full_width=&#8220;stretch_row&#8220; gap=&#8220;10&#8243; equal_height=&#8220;yes&#8220; content_placement=&#8220;middle&#8220; bg_type=&#8220;image&#8220; parallax_style=&#8220;vcpb-default&#8220; bg_image_new=&#8220;id^16343|url^https:\/\/www.johnv-detectives.nl\/wp-content\/uploads\/2021\/11\/wazig-john-vullers-tipinfo.jpg|caption^null|alt^null|title^wazig john vullers tipinfo|description^null&#8220; enable_overlay=&#8220;enable_overlay_value&#8220; overlay_color=&#8220;rgba(0,0,0,0.6)&#8220; css=&#8220;.vc_custom_1637591231267{padding-top: 5vh !important;padding-bottom: 5vh !important;}&#8220; el_class=&#8220;bg-half-right&#8220;][vc_column width=&#8220;2\/3&#8243; css=&#8220;.vc_custom_1637327918951{background-position: center !important;background-repeat: no-repeat !important;background-size: cover !important;}&#8220;]<div id=\"ultimate-heading-590769e756658998f\" class=\"uvc-heading ult-adjust-bottom-margin ultimate-heading-590769e756658998f uvc-1701  uvc-heading-default-font-sizes\" data-hspacer=\"no_spacer\"  data-halign=\"left\" style=\"text-align:left\"><div class=\"uvc-heading-spacer no_spacer\" style=\"top\"><\/div><div class=\"uvc-main-heading ult-responsive\"  data-ultimate-target='.uvc-heading.ultimate-heading-590769e756658998f h2'  data-responsive-json-new='{\"font-size\":\"\",\"line-height\":\"\"}' ><h2 style=\"--font-weight:theme;color:#ffffff;margin-bottom:10px;\">Haben Sie Tipps oder Informationen?<\/h2><\/div><div class=\"uvc-sub-heading ult-responsive\"  data-ultimate-target='.uvc-heading.ultimate-heading-590769e756658998f .uvc-sub-heading '  data-responsive-json-new='{\"font-size\":\"\",\"line-height\":\"\"}'  style=\"font-weight:normal;color:#ffffff;\">Haben Sie eventuell Tipps oder Informationen zu einem bestimmten Fall? Dann k\u00f6nnen Sie jederzeit telefonisch oder per E-Mail Kontakt zu uns aufnehmen<\/div><\/div>[\/vc_column][vc_column width=&#8220;1\/3&#8243;]<a href=\"\/de\/kontakt\/\" class=\"btn-shortcode dt-btn-m dt-btn default-btn-color default-btn-hover-color default-btn-bg-color default-btn-bg-hover-color\" id=\"dt-btn-2\"><span>Kontaktiere uns<\/span><\/a>[\/vc_column][\/vc_row]<\/p>\n<\/div>","protected":false},"excerpt":{"rendered":"<p>[vc_row full_width=&#8220;stretch_row&#8220; bg_type=&#8220;image&#8220; parallax_style=&#8220;vcpb-default&#8220; bg_image_new=&#8220;id^17924|url^https:\/\/www.johnv-detectives.nl\/wp-content\/uploads\/2021\/12\/header-contact-09.jpg|caption^null|alt^null|title^header contact-09|description^null&#8220; enable_overlay=&#8220;enable_overlay_value&#8220; overlay_color=&#8220;rgba(0,0,0,0.4)&#8220; el_class=&#8220;hero-home&#8220;][vc_column][vc_empty_space height=&#8220;8vh&#8220;][vc_empty_space height=&#8220;8vh&#8220;][vc_row_inner css=&#8220;.vc_custom_1639558232213{padding-top: 25px !important;padding-bottom: 25px !important;background-color: #4f5664 !important;}&#8220; el_class=&#8220;hero-home-ctabox&#8220;][vc_column_inner][\/vc_column_inner][\/vc_row_inner][\/vc_column][\/vc_row][vc_row full_width=&#8220;stretch_row&#8220; equal_height=&#8220;yes&#8220; css=&#8220;.vc_custom_1637330270392{padding-top: 50px !important;background-color: #a7aab1 !important;}&#8220;][vc_column width=&#8220;2\/3&#8243; css=&#8220;.vc_custom_1639558245010{padding-top: 25px !important;padding-bottom: 25px !important;background-color: #f7f7f7 !important;}&#8220;][vc_row_inner][vc_column_inner width=&#8220;1\/2&#8243;][\/vc_column_inner][vc_column_inner width=&#8220;1\/2&#8243;][\/vc_column_inner][\/vc_row_inner][\/vc_column][vc_column width=&#8220;1\/3&#8243; css=&#8220;.vc_custom_1639057415598{background-image: url(https:\/\/www.johnv-detectives.nl\/wp-content\/uploads\/2021\/12\/foto_john_vullers.jpg?id=17928) !important;background-position: center !important;background-repeat: no-repeat !important;background-size: cover !important;}&#8220;][vc_empty_space height=&#8220;350&#8243;][\/vc_column][\/vc_row][vc_row full_width=&#8220;stretch_row&#8220; equal_height=&#8220;yes&#8220; content_placement=&#8220;middle&#8220; bg_type=&#8220;bg_color&#8220; css=&#8220;.vc_custom_1637331459169{padding-top: 50px !important;padding-bottom: 50px&hellip;<\/p>\n","protected":false},"author":4,"featured_media":0,"parent":19734,"menu_order":0,"comment_status":"closed","ping_status":"closed","template":"","meta":{"footnotes":""},"class_list":["post-19705","page","type-page","status-publish","hentry","description-off"],"yoast_head":"<!-- This site is optimized with the Yoast SEO plugin v24.1 - https:\/\/yoast.com\/wordpress\/plugins\/seo\/ -->\n<title>Leistungen f\u00fcr Anwaltskanzleien - John Vullers prive detective<\/title>\n<meta name=\"description\" content=\"John Vullers (JohnV Detectives), sowohl f\u00fcr Anwaltschafts- als auch f\u00fcr gesch\u00e4ftsbezogene F\u00e4lle bei Diebstahl, Betrug, vermissten Personen und mehr.\" \/>\n<meta name=\"robots\" content=\"index, follow, max-snippet:-1, max-image-preview:large, max-video-preview:-1\" \/>\n<link rel=\"canonical\" href=\"https:\/\/www.johnv-detectives.nl\/diensten\/advocatuur\/\" \/>\n<meta property=\"og:locale\" content=\"de_DE\" \/>\n<meta property=\"og:type\" content=\"article\" \/>\n<meta property=\"og:title\" content=\"Leistungen f\u00fcr Anwaltskanzleien - John Vullers prive detective\" \/>\n<meta property=\"og:description\" content=\"John Vullers (JohnV Detectives), sowohl f\u00fcr Anwaltschafts- als auch f\u00fcr gesch\u00e4ftsbezogene F\u00e4lle bei Diebstahl, Betrug, vermissten Personen und mehr.\" \/>\n<meta property=\"og:url\" content=\"https:\/\/www.johnv-detectives.nl\/diensten\/advocatuur\/\" \/>\n<meta property=\"og:site_name\" content=\"John V. Detectives\" \/>\n<meta property=\"article:modified_time\" content=\"2022-01-06T17:10:44+00:00\" \/>\n<meta name=\"twitter:card\" content=\"summary_large_image\" \/>\n<meta name=\"twitter:label1\" content=\"Gesch\u00e4tzte Lesezeit\" \/>\n\t<meta name=\"twitter:data1\" content=\"5\u00a0Minuten\" \/>\n<script type=\"application\/ld+json\" class=\"yoast-schema-graph\">{\"@context\":\"https:\/\/schema.org\",\"@graph\":[{\"@type\":\"WebPage\",\"@id\":\"https:\/\/www.johnv-detectives.nl\/diensten\/advocatuur\/\",\"url\":\"https:\/\/www.johnv-detectives.nl\/diensten\/advocatuur\/\",\"name\":\"Leistungen f\u00fcr Anwaltskanzleien - John Vullers prive detective\",\"isPartOf\":{\"@id\":\"https:\/\/www.johnv-detectives.nl\/#website\"},\"datePublished\":\"2022-01-06T08:24:56+00:00\",\"dateModified\":\"2022-01-06T17:10:44+00:00\",\"description\":\"John Vullers (JohnV Detectives), sowohl f\u00fcr Anwaltschafts- als auch f\u00fcr gesch\u00e4ftsbezogene F\u00e4lle bei Diebstahl, Betrug, vermissten Personen und mehr.\",\"breadcrumb\":{\"@id\":\"https:\/\/www.johnv-detectives.nl\/diensten\/advocatuur\/#breadcrumb\"},\"inLanguage\":\"de\",\"potentialAction\":[{\"@type\":\"ReadAction\",\"target\":[\"https:\/\/www.johnv-detectives.nl\/diensten\/advocatuur\/\"]}]},{\"@type\":\"BreadcrumbList\",\"@id\":\"https:\/\/www.johnv-detectives.nl\/diensten\/advocatuur\/#breadcrumb\",\"itemListElement\":[{\"@type\":\"ListItem\",\"position\":1,\"name\":\"Home\",\"item\":\"https:\/\/www.johnv-detectives.nl\/\"},{\"@type\":\"ListItem\",\"position\":2,\"name\":\"Leistungen\",\"item\":\"https:\/\/www.johnv-detectives.nl\/diensten\/\"},{\"@type\":\"ListItem\",\"position\":3,\"name\":\"Leistungen f\u00fcr Anwaltskanzleien\"}]},{\"@type\":\"WebSite\",\"@id\":\"https:\/\/www.johnv-detectives.nl\/#website\",\"url\":\"https:\/\/www.johnv-detectives.nl\/\",\"name\":\"John V. Detectives\",\"description\":\"Vakkundig en vertrouwd\",\"publisher\":{\"@id\":\"https:\/\/www.johnv-detectives.nl\/#organization\"},\"potentialAction\":[{\"@type\":\"SearchAction\",\"target\":{\"@type\":\"EntryPoint\",\"urlTemplate\":\"https:\/\/www.johnv-detectives.nl\/?s={search_term_string}\"},\"query-input\":{\"@type\":\"PropertyValueSpecification\",\"valueRequired\":true,\"valueName\":\"search_term_string\"}}],\"inLanguage\":\"de\"},{\"@type\":\"Organization\",\"@id\":\"https:\/\/www.johnv-detectives.nl\/#organization\",\"name\":\"John Vullers Detectives\",\"url\":\"https:\/\/www.johnv-detectives.nl\/\",\"logo\":{\"@type\":\"ImageObject\",\"inLanguage\":\"de\",\"@id\":\"https:\/\/www.johnv-detectives.nl\/#\/schema\/logo\/image\/\",\"url\":\"https:\/\/www.johnv-detectives.nl\/wp-content\/uploads\/2021\/11\/cropped-LOGO-John-V-Detectives-Rond-1.png\",\"contentUrl\":\"https:\/\/www.johnv-detectives.nl\/wp-content\/uploads\/2021\/11\/cropped-LOGO-John-V-Detectives-Rond-1.png\",\"width\":512,\"height\":512,\"caption\":\"John Vullers Detectives\"},\"image\":{\"@id\":\"https:\/\/www.johnv-detectives.nl\/#\/schema\/logo\/image\/\"}}]}<\/script>\n<!-- \/ Yoast SEO plugin. -->","yoast_head_json":{"title":"Leistungen f\u00fcr Anwaltskanzleien - John Vullers prive detective","description":"John Vullers (JohnV Detectives), sowohl f\u00fcr Anwaltschafts- als auch f\u00fcr gesch\u00e4ftsbezogene F\u00e4lle bei Diebstahl, Betrug, vermissten Personen und mehr.","robots":{"index":"index","follow":"follow","max-snippet":"max-snippet:-1","max-image-preview":"max-image-preview:large","max-video-preview":"max-video-preview:-1"},"canonical":"https:\/\/www.johnv-detectives.nl\/diensten\/advocatuur\/","og_locale":"de_DE","og_type":"article","og_title":"Leistungen f\u00fcr Anwaltskanzleien - John Vullers prive detective","og_description":"John Vullers (JohnV Detectives), sowohl f\u00fcr Anwaltschafts- als auch f\u00fcr gesch\u00e4ftsbezogene F\u00e4lle bei Diebstahl, Betrug, vermissten Personen und mehr.","og_url":"https:\/\/www.johnv-detectives.nl\/diensten\/advocatuur\/","og_site_name":"John V. Detectives","article_modified_time":"2022-01-06T17:10:44+00:00","twitter_card":"summary_large_image","twitter_misc":{"Gesch\u00e4tzte Lesezeit":"5\u00a0Minuten"},"schema":{"@context":"https:\/\/schema.org","@graph":[{"@type":"WebPage","@id":"https:\/\/www.johnv-detectives.nl\/diensten\/advocatuur\/","url":"https:\/\/www.johnv-detectives.nl\/diensten\/advocatuur\/","name":"Leistungen f\u00fcr Anwaltskanzleien - John Vullers prive detective","isPartOf":{"@id":"https:\/\/www.johnv-detectives.nl\/#website"},"datePublished":"2022-01-06T08:24:56+00:00","dateModified":"2022-01-06T17:10:44+00:00","description":"John Vullers (JohnV Detectives), sowohl f\u00fcr Anwaltschafts- als auch f\u00fcr gesch\u00e4ftsbezogene F\u00e4lle bei Diebstahl, Betrug, vermissten Personen und mehr.","breadcrumb":{"@id":"https:\/\/www.johnv-detectives.nl\/diensten\/advocatuur\/#breadcrumb"},"inLanguage":"de","potentialAction":[{"@type":"ReadAction","target":["https:\/\/www.johnv-detectives.nl\/diensten\/advocatuur\/"]}]},{"@type":"BreadcrumbList","@id":"https:\/\/www.johnv-detectives.nl\/diensten\/advocatuur\/#breadcrumb","itemListElement":[{"@type":"ListItem","position":1,"name":"Home","item":"https:\/\/www.johnv-detectives.nl\/"},{"@type":"ListItem","position":2,"name":"Leistungen","item":"https:\/\/www.johnv-detectives.nl\/diensten\/"},{"@type":"ListItem","position":3,"name":"Leistungen f\u00fcr Anwaltskanzleien"}]},{"@type":"WebSite","@id":"https:\/\/www.johnv-detectives.nl\/#website","url":"https:\/\/www.johnv-detectives.nl\/","name":"John V. Detectives","description":"Vakkundig en vertrouwd","publisher":{"@id":"https:\/\/www.johnv-detectives.nl\/#organization"},"potentialAction":[{"@type":"SearchAction","target":{"@type":"EntryPoint","urlTemplate":"https:\/\/www.johnv-detectives.nl\/?s={search_term_string}"},"query-input":{"@type":"PropertyValueSpecification","valueRequired":true,"valueName":"search_term_string"}}],"inLanguage":"de"},{"@type":"Organization","@id":"https:\/\/www.johnv-detectives.nl\/#organization","name":"John Vullers Detectives","url":"https:\/\/www.johnv-detectives.nl\/","logo":{"@type":"ImageObject","inLanguage":"de","@id":"https:\/\/www.johnv-detectives.nl\/#\/schema\/logo\/image\/","url":"https:\/\/www.johnv-detectives.nl\/wp-content\/uploads\/2021\/11\/cropped-LOGO-John-V-Detectives-Rond-1.png","contentUrl":"https:\/\/www.johnv-detectives.nl\/wp-content\/uploads\/2021\/11\/cropped-LOGO-John-V-Detectives-Rond-1.png","width":512,"height":512,"caption":"John Vullers Detectives"},"image":{"@id":"https:\/\/www.johnv-detectives.nl\/#\/schema\/logo\/image\/"}}]}},"_links":{"self":[{"href":"https:\/\/www.johnv-detectives.nl\/de\/wp-json\/wp\/v2\/pages\/19705","targetHints":{"allow":["GET"]}}],"collection":[{"href":"https:\/\/www.johnv-detectives.nl\/de\/wp-json\/wp\/v2\/pages"}],"about":[{"href":"https:\/\/www.johnv-detectives.nl\/de\/wp-json\/wp\/v2\/types\/page"}],"author":[{"embeddable":true,"href":"https:\/\/www.johnv-detectives.nl\/de\/wp-json\/wp\/v2\/users\/4"}],"replies":[{"embeddable":true,"href":"https:\/\/www.johnv-detectives.nl\/de\/wp-json\/wp\/v2\/comments?post=19705"}],"version-history":[{"count":0,"href":"https:\/\/www.johnv-detectives.nl\/de\/wp-json\/wp\/v2\/pages\/19705\/revisions"}],"up":[{"embeddable":true,"href":"https:\/\/www.johnv-detectives.nl\/de\/wp-json\/wp\/v2\/pages\/19734"}],"wp:attachment":[{"href":"https:\/\/www.johnv-detectives.nl\/de\/wp-json\/wp\/v2\/media?parent=19705"}],"curies":[{"name":"wp","href":"https:\/\/api.w.org\/{rel}","templated":true}]}}